{"id":2655,"date":"2024-01-14T05:08:32","date_gmt":"2024-01-14T08:08:32","guid":{"rendered":"https:\/\/nanoradar.cl\/?page_id=2655"},"modified":"2024-01-14T05:10:25","modified_gmt":"2024-01-14T08:10:25","slug":"nsr100vf","status":"publish","type":"page","link":"https:\/\/nanoradar.cl\/?page_id=2655","title":{"rendered":"NSR100VF"},"content":{"rendered":"\t\t<div data-elementor-type=\"wp-page\" data-elementor-id=\"2655\" class=\"elementor elementor-2655\" data-elementor-post-type=\"page\">\n\t\t\t\t\t\t\t<div class=\"elementor-element elementor-element-764c4d7f e-flex e-con-boxed e-con e-parent\" data-id=\"764c4d7f\" data-element_type=\"container\" data-settings=\"{&quot;container_type&quot;:&quot;flex&quot;,&quot;content_width&quot;:&quot;boxed&quot;}\" data-core-v316-plus=\"true\">\n\t\t\t\t\t<div class=\"e-con-inner\">\n\t\t\t\t<div class=\"elementor-element elementor-element-62047c4a elementor-widget elementor-widget-spacer\" data-id=\"62047c4a\" data-element_type=\"widget\" data-widget_type=\"spacer.default\">\n\t\t\t\t<div class=\"elementor-widget-container\">\n\t\t\t<style>\/*! elementor - v3.16.0 - 14-09-2023 *\/\n.elementor-column .elementor-spacer-inner{height:var(--spacer-size)}.e-con{--container-widget-width:100%}.e-con-inner>.elementor-widget-spacer,.e-con>.elementor-widget-spacer{width:var(--container-widget-width,var(--spacer-size));--align-self:var(--container-widget-align-self,initial);--flex-shrink:0}.e-con-inner>.elementor-widget-spacer>.elementor-widget-container,.e-con>.elementor-widget-spacer>.elementor-widget-container{height:100%;width:100%}.e-con-inner>.elementor-widget-spacer>.elementor-widget-container>.elementor-spacer,.e-con>.elementor-widget-spacer>.elementor-widget-container>.elementor-spacer{height:100%}.e-con-inner>.elementor-widget-spacer>.elementor-widget-container>.elementor-spacer>.elementor-spacer-inner,.e-con>.elementor-widget-spacer>.elementor-widget-container>.elementor-spacer>.elementor-spacer-inner{height:var(--container-widget-height,var(--spacer-size))}.e-con-inner>.elementor-widget-spacer.elementor-widget-empty,.e-con>.elementor-widget-spacer.elementor-widget-empty{position:relative;min-height:22px;min-width:22px}.e-con-inner>.elementor-widget-spacer.elementor-widget-empty .elementor-widget-empty-icon,.e-con>.elementor-widget-spacer.elementor-widget-empty .elementor-widget-empty-icon{position:absolute;top:0;bottom:0;left:0;right:0;margin:auto;padding:0;width:22px;height:22px}<\/style>\t\t<div class=\"elementor-spacer\">\n\t\t\t<div class=\"elementor-spacer-inner\"><\/div>\n\t\t<\/div>\n\t\t\t\t<\/div>\n\t\t\t\t<\/div>\n\t\t\t\t\t<\/div>\n\t\t\t\t<\/div>\n\t\t<div class=\"elementor-element elementor-element-4b8b2ac3 e-con-full e-flex e-con e-parent\" data-id=\"4b8b2ac3\" data-element_type=\"container\" data-settings=\"{&quot;content_width&quot;:&quot;full&quot;,&quot;container_type&quot;:&quot;flex&quot;}\" data-core-v316-plus=\"true\">\n\t\t\t\t<div class=\"elementor-element elementor-element-3e70fe23 elementor-widget elementor-widget-image\" data-id=\"3e70fe23\" data-element_type=\"widget\" data-widget_type=\"image.default\">\n\t\t\t\t<div class=\"elementor-widget-container\">\n\t\t\t<style>\/*! elementor - v3.16.0 - 14-09-2023 *\/\n.elementor-widget-image{text-align:center}.elementor-widget-image a{display:inline-block}.elementor-widget-image a img[src$=\".svg\"]{width:48px}.elementor-widget-image img{vertical-align:middle;display:inline-block}<\/style>\t\t\t\t\t\t\t\t\t\t\t\t<img loading=\"lazy\" decoding=\"async\" width=\"1024\" height=\"187\" src=\"https:\/\/nanoradar.cl\/wp-content\/uploads\/2024\/01\/5c9b5a210ec82.jpg\" class=\"attachment-large size-large wp-image-2510\" alt=\"\" \/>\t\t\t\t\t\t\t\t\t\t\t\t\t\t\t<\/div>\n\t\t\t\t<\/div>\n\t\t\t\t<\/div>\n\t\t<div class=\"elementor-element elementor-element-7d7b2650 e-con-full e-flex e-con e-parent\" data-id=\"7d7b2650\" data-element_type=\"container\" data-settings=\"{&quot;content_width&quot;:&quot;full&quot;,&quot;container_type&quot;:&quot;flex&quot;}\" data-core-v316-plus=\"true\">\n\t\t<div class=\"elementor-element elementor-element-47688b33 e-con-full e-flex e-con e-child\" data-id=\"47688b33\" data-element_type=\"container\" data-settings=\"{&quot;content_width&quot;:&quot;full&quot;,&quot;container_type&quot;:&quot;flex&quot;}\">\n\t\t\t\t<div class=\"elementor-element elementor-element-4ef0c7b7 elementor-widget elementor-widget-heading\" data-id=\"4ef0c7b7\" data-element_type=\"widget\" data-widget_type=\"heading.default\">\n\t\t\t\t<div class=\"elementor-widget-container\">\n\t\t\t<style>\/*! elementor - v3.16.0 - 14-09-2023 *\/\n.elementor-heading-title{padding:0;margin:0;line-height:1}.elementor-widget-heading .elementor-heading-title[class*=elementor-size-]>a{color:inherit;font-size:inherit;line-height:inherit}.elementor-widget-heading .elementor-heading-title.elementor-size-small{font-size:15px}.elementor-widget-heading .elementor-heading-title.elementor-size-medium{font-size:19px}.elementor-widget-heading .elementor-heading-title.elementor-size-large{font-size:29px}.elementor-widget-heading .elementor-heading-title.elementor-size-xl{font-size:39px}.elementor-widget-heading .elementor-heading-title.elementor-size-xxl{font-size:59px}<\/style><h2 class=\"elementor-heading-title elementor-size-default\">Sistema de v\u00eddeo por radar perimetral NSR100VF<\/h2>\t\t<\/div>\n\t\t\t\t<\/div>\n\t\t\t\t<div class=\"elementor-element elementor-element-198c640d elementor-widget elementor-widget-text-editor\" data-id=\"198c640d\" data-element_type=\"widget\" data-widget_type=\"text-editor.default\">\n\t\t\t\t<div class=\"elementor-widget-container\">\n\t\t\t<style>\/*! elementor - v3.16.0 - 14-09-2023 *\/\n.elementor-widget-text-editor.elementor-drop-cap-view-stacked .elementor-drop-cap{background-color:#69727d;color:#fff}.elementor-widget-text-editor.elementor-drop-cap-view-framed .elementor-drop-cap{color:#69727d;border:3px solid;background-color:transparent}.elementor-widget-text-editor:not(.elementor-drop-cap-view-default) .elementor-drop-cap{margin-top:8px}.elementor-widget-text-editor:not(.elementor-drop-cap-view-default) .elementor-drop-cap-letter{width:1em;height:1em}.elementor-widget-text-editor .elementor-drop-cap{float:left;text-align:center;line-height:1;font-size:50px}.elementor-widget-text-editor .elementor-drop-cap-letter{display:inline-block}<\/style>\t\t\t\t<p>Nanoradar NSR100VF es un sistema de alerta inteligente de fusi\u00f3n de radar y v\u00eddeo. El sistema da una alerta temprana cuando el objetivo entra en la zona de protecci\u00f3n, mientras tanto, posiciona el objetivo detectando su distancia, \u00e1ngulo y velocidad. Despu\u00e9s de una doble auditor\u00eda de la tecnolog\u00eda de an\u00e1lisis de video y el algoritmo de IA, el sistema determinar\u00e1 si es necesario alertar al objetivo o no. Este sistema realiz\u00f3 la fusi\u00f3n de radar y se\u00f1al visual, lo que integra altamente la detecci\u00f3n activa, la alta sensibilidad de la tecnolog\u00eda de radar con el an\u00e1lisis de inteligencia de video. Mejora enormemente el rendimiento de detecci\u00f3n e identificaci\u00f3n de objetivos del sistema. Con su exclusiva tecnolog\u00eda de fusi\u00f3n de v\u00eddeo por radar, el NSR100VF se utiliza ampliamente en prisiones, plazas, puertos mar\u00edtimos, plantas petroleras y otras \u00e1reas cr\u00edticas.<\/p>\t\t\t\t\t\t<\/div>\n\t\t\t\t<\/div>\n\t\t\t\t<div class=\"elementor-element elementor-element-374542d1 elementor-widget elementor-widget-heading\" data-id=\"374542d1\" data-element_type=\"widget\" data-widget_type=\"heading.default\">\n\t\t\t\t<div class=\"elementor-widget-container\">\n\t\t\t<h2 class=\"elementor-heading-title elementor-size-default\">Serie:\nRadar MMW de 24GHz<\/h2>\t\t<\/div>\n\t\t\t\t<\/div>\n\t\t\t\t<div class=\"elementor-element elementor-element-174cc5b0 elementor-widget elementor-widget-text-editor\" data-id=\"174cc5b0\" data-element_type=\"widget\" data-widget_type=\"text-editor.default\">\n\t\t\t\t<div class=\"elementor-widget-container\">\n\t\t\t\t\t\t\t<p>Aplicaciones:<br \/>Defensa perimetral militar, protecci\u00f3n perimetral de prisiones, monitoreo perimetral de dep\u00f3sitos de petr\u00f3leo, seguridad perimetral de aeropuertos, fusi\u00f3n multisensor<\/p>\t\t\t\t\t\t<\/div>\n\t\t\t\t<\/div>\n\t\t\t\t<div class=\"elementor-element elementor-element-17f60db4 elementor-widget elementor-widget-heading\" data-id=\"17f60db4\" data-element_type=\"widget\" data-widget_type=\"heading.default\">\n\t\t\t\t<div class=\"elementor-widget-container\">\n\t\t\t<h2 class=\"elementor-heading-title elementor-size-default\">Caracter\u00edsticas:<\/h2>\t\t<\/div>\n\t\t\t\t<\/div>\n\t\t\t\t<div class=\"elementor-element elementor-element-1afcb482 elementor-widget elementor-widget-text-editor\" data-id=\"1afcb482\" data-element_type=\"widget\" data-widget_type=\"text-editor.default\">\n\t\t\t\t<div class=\"elementor-widget-container\">\n\t\t\t\t\t\t\t<p>\u223c Sistema de Videovigilancia por Radar Perimetral, formando una soluci\u00f3n de protecci\u00f3n tridimensional<\/p><p>\u223c Detecte y obtenga proactivamente la posici\u00f3n del objetivo, la distancia y otra informaci\u00f3n con videovigilancia<\/p><p>\u223c Fuerte adaptabilidad a los entornos; operaci\u00f3n durante todo el d\u00eda y en todo clima<\/p><p>\u223c Buena compatibilidad, f\u00e1cil de integraci\u00f3n.<\/p><p>\u223c IP66<\/p><p>\u223c interfaz ethernet<\/p><p>\u223c RoHS<\/p>\t\t\t\t\t\t<\/div>\n\t\t\t\t<\/div>\n\t\t\t\t<\/div>\n\t\t<div class=\"elementor-element elementor-element-30a6ab2a e-con-full e-flex e-con e-child\" data-id=\"30a6ab2a\" data-element_type=\"container\" data-settings=\"{&quot;content_width&quot;:&quot;full&quot;,&quot;container_type&quot;:&quot;flex&quot;}\">\n\t\t<div class=\"elementor-element elementor-element-5eeaa65d e-flex e-con-boxed e-con e-child\" data-id=\"5eeaa65d\" data-element_type=\"container\" data-settings=\"{&quot;container_type&quot;:&quot;flex&quot;,&quot;content_width&quot;:&quot;boxed&quot;}\">\n\t\t\t\t\t<div class=\"e-con-inner\">\n\t\t\t\t<div class=\"elementor-element elementor-element-68026140 elementor-widget elementor-widget-spacer\" data-id=\"68026140\" data-element_type=\"widget\" data-widget_type=\"spacer.default\">\n\t\t\t\t<div class=\"elementor-widget-container\">\n\t\t\t\t\t<div class=\"elementor-spacer\">\n\t\t\t<div class=\"elementor-spacer-inner\"><\/div>\n\t\t<\/div>\n\t\t\t\t<\/div>\n\t\t\t\t<\/div>\n\t\t<div class=\"elementor-element elementor-element-321ec1ad e-flex e-con-boxed e-con e-child\" data-id=\"321ec1ad\" data-element_type=\"container\" data-settings=\"{&quot;container_type&quot;:&quot;flex&quot;,&quot;content_width&quot;:&quot;boxed&quot;}\">\n\t\t\t\t\t<div class=\"e-con-inner\">\n\t\t\t\t<div class=\"elementor-element elementor-element-5eb00170 elementor-widget elementor-widget-image\" data-id=\"5eb00170\" data-element_type=\"widget\" data-widget_type=\"image.default\">\n\t\t\t\t<div class=\"elementor-widget-container\">\n\t\t\t\t\t\t\t\t\t\t\t\t\t\t\t<img loading=\"lazy\" decoding=\"async\" width=\"270\" height=\"200\" src=\"https:\/\/nanoradar.cl\/wp-content\/uploads\/2024\/01\/5c8b3b8db8c64.png\" class=\"attachment-large size-large wp-image-2555\" alt=\"\" \/>\t\t\t\t\t\t\t\t\t\t\t\t\t\t\t<\/div>\n\t\t\t\t<\/div>\n\t\t\t\t\t<\/div>\n\t\t\t\t<\/div>\n\t\t\t\t\t<\/div>\n\t\t\t\t<\/div>\n\t\t<div class=\"elementor-element elementor-element-65d2f8e e-flex e-con-boxed e-con e-child\" data-id=\"65d2f8e\" data-element_type=\"container\" data-settings=\"{&quot;container_type&quot;:&quot;flex&quot;,&quot;content_width&quot;:&quot;boxed&quot;}\">\n\t\t\t\t\t<div class=\"e-con-inner\">\n\t\t\t\t<div class=\"elementor-element elementor-element-1b3d10d6 elementor-button-info elementor-align-center elementor-widget elementor-widget-button\" data-id=\"1b3d10d6\" data-element_type=\"widget\" data-widget_type=\"button.default\">\n\t\t\t\t<div class=\"elementor-widget-container\">\n\t\t\t\t\t<div class=\"elementor-button-wrapper\">\n\t\t\t<a class=\"elementor-button elementor-button-link elementor-size-sm\" href=\"http:\/\/nanoradar.cl\/wp-content\/uploads\/2024\/01\/nsr100vfcy.pdf\" target=\"_blank\">\n\t\t\t\t\t\t<span class=\"elementor-button-content-wrapper\">\n\t\t\t\t\t\t<span class=\"elementor-button-icon elementor-align-icon-left\">\n\t\t\t\t<svg aria-hidden=\"true\" class=\"e-font-icon-svg e-fas-file-pdf\" viewBox=\"0 0 384 512\" xmlns=\"http:\/\/www.w3.org\/2000\/svg\"><path d=\"M181.9 256.1c-5-16-4.9-46.9-2-46.9 8.4 0 7.6 36.9 2 46.9zm-1.7 47.2c-7.7 20.2-17.3 43.3-28.4 62.7 18.3-7 39-17.2 62.9-21.9-12.7-9.6-24.9-23.4-34.5-40.8zM86.1 428.1c0 .8 13.2-5.4 34.9-40.2-6.7 6.3-29.1 24.5-34.9 40.2zM248 160h136v328c0 13.3-10.7 24-24 24H24c-13.3 0-24-10.7-24-24V24C0 10.7 10.7 0 24 0h200v136c0 13.2 10.8 24 24 24zm-8 171.8c-20-12.2-33.3-29-42.7-53.8 4.5-18.5 11.6-46.6 6.2-64.2-4.7-29.4-42.4-26.5-47.8-6.8-5 18.3-.4 44.1 8.1 77-11.6 27.6-28.7 64.6-40.8 85.8-.1 0-.1.1-.2.1-27.1 13.9-73.6 44.5-54.5 68 5.6 6.9 16 10 21.5 10 17.9 0 35.7-18 61.1-61.8 25.8-8.5 54.1-19.1 79-23.2 21.7 11.8 47.1 19.5 64 19.5 29.2 0 31.2-32 19.7-43.4-13.9-13.6-54.3-9.7-73.6-7.2zM377 105L279 7c-4.5-4.5-10.6-7-17-7h-6v128h128v-6.1c0-6.3-2.5-12.4-7-16.9zm-74.1 255.3c4.1-2.7-2.5-11.9-42.8-9 37.1 15.8 42.8 9 42.8 9z\"><\/path><\/svg>\t\t\t<\/span>\n\t\t\t\t\t\t<span class=\"elementor-button-text\">FOLLETO DEL PRODUCTO<\/span>\n\t\t<\/span>\n\t\t\t\t\t<\/a>\n\t\t<\/div>\n\t\t\t\t<\/div>\n\t\t\t\t<\/div>\n\t\t\t\t\t<\/div>\n\t\t\t\t<\/div>\n\t\t<div class=\"elementor-element elementor-element-1d02fa0 e-flex e-con-boxed e-con e-child\" data-id=\"1d02fa0\" data-element_type=\"container\" data-settings=\"{&quot;container_type&quot;:&quot;flex&quot;,&quot;content_width&quot;:&quot;boxed&quot;}\">\n\t\t\t\t\t<div class=\"e-con-inner\">\n\t\t\t\t<div class=\"elementor-element elementor-element-22100837 elementor-button-info elementor-align-center elementor-widget elementor-widget-button\" data-id=\"22100837\" data-element_type=\"widget\" data-widget_type=\"button.default\">\n\t\t\t\t<div class=\"elementor-widget-container\">\n\t\t\t\t\t<div class=\"elementor-button-wrapper\">\n\t\t\t<a class=\"elementor-button elementor-button-link elementor-size-sm\" href=\"https:\/\/nanoradar.cl\/?page_id=1555\" target=\"_blank\">\n\t\t\t\t\t\t<span class=\"elementor-button-content-wrapper\">\n\t\t\t\t\t\t<span class=\"elementor-button-icon elementor-align-icon-left\">\n\t\t\t\t<svg aria-hidden=\"true\" class=\"e-font-icon-svg e-fas-info\" viewBox=\"0 0 192 512\" xmlns=\"http:\/\/www.w3.org\/2000\/svg\"><path d=\"M20 424.229h20V279.771H20c-11.046 0-20-8.954-20-20V212c0-11.046 8.954-20 20-20h112c11.046 0 20 8.954 20 20v212.229h20c11.046 0 20 8.954 20 20V492c0 11.046-8.954 20-20 20H20c-11.046 0-20-8.954-20-20v-47.771c0-11.046 8.954-20 20-20zM96 0C56.235 0 24 32.235 24 72s32.235 72 72 72 72-32.235 72-72S135.764 0 96 0z\"><\/path><\/svg>\t\t\t<\/span>\n\t\t\t\t\t\t<span class=\"elementor-button-text\">CONSULTA DE PRODUCTO<\/span>\n\t\t<\/span>\n\t\t\t\t\t<\/a>\n\t\t<\/div>\n\t\t\t\t<\/div>\n\t\t\t\t<\/div>\n\t\t\t\t\t<\/div>\n\t\t\t\t<\/div>\n\t\t\t\t<\/div>\n\t\t\t\t<\/div>\n\t\t<div class=\"elementor-element elementor-element-32293039 e-con-full elementor-hidden-desktop elementor-hidden-tablet elementor-hidden-mobile e-flex e-con e-parent\" data-id=\"32293039\" data-element_type=\"container\" data-settings=\"{&quot;content_width&quot;:&quot;full&quot;,&quot;container_type&quot;:&quot;flex&quot;}\" data-core-v316-plus=\"true\">\n\t\t\t\t<div class=\"elementor-element elementor-element-40d907d5 elementor-widget elementor-widget-text-editor\" data-id=\"40d907d5\" data-element_type=\"widget\" data-widget_type=\"text-editor.default\">\n\t\t\t\t<div class=\"elementor-widget-container\">\n\t\t\t\t\t\t\t<div class=\"col-12 product-item\"><h3><span style=\"color: #ffffff;\">Especificaciones:<\/span><\/h3><\/div><div class=\"col-12\"><table class=\"gridtable\" width=\"90%\"><tbody><tr><th width=\"20%\">PAR\u00c1METRO<\/th><th width=\"15%\">CONDICIONES<\/th><th width=\"15%\">M\u00cdNIMO<\/th><th width=\"15%\">TIPO<\/th><th width=\"15%\">M\u00c1XIMO<\/th><th width=\"10%\">UNIDADES<\/th><\/tr><tr><td class=\"col6\" colspan=\"6\">Caracter\u00edsticas del sistema<\/td><\/tr><tr><td>Frecuencia de transmisi\u00f3n<\/td><td>\u00a0<\/td><td>80.00<\/td><td>\u00a0<\/td><td>81.00<\/td><td>GHz<\/td><\/tr><tr><td>Potencia de salida (PIRE)<\/td><td>\u00a0<\/td><td>\u00a0<\/td><td>\u00a0<\/td><td>29.8<\/td><td>dBm<\/td><\/tr><tr><td>Tipo de modulaci\u00f3n<\/td><td>\u00a0<\/td><td colspan=\"3\">FMCW<\/td><td>\u00a0<\/td><\/tr><tr><td>Frecuencia de actualizaci\u00f3n<\/td><td>\u00a0<\/td><td colspan=\"3\">12.5<\/td><td>Hz<\/td><\/tr><tr><td>Interface de comunicaci\u00f3n<\/td><td>\u00a0<\/td><td colspan=\"3\">Ethernet, RS485, salida de rel\u00e9&#8230;<\/td><td>\u00a0<\/td><\/tr><tr><td class=\"col6\" colspan=\"6\">Caracter\u00edsticas de medici\u00f3n de alcance y velocidad<\/td><\/tr><tr><td>Rango de medici\u00f3n de distancia<\/td><td>@0dBsm<\/td><td>1.2<\/td><td>\u00a0<\/td><td>120<\/td><td>metro<\/td><\/tr><tr><td>Rango de medici\u00f3n de velocidad<\/td><td>\u00a0<\/td><td>-30<\/td><td>\u00a0<\/td><td>+30<\/td><td>EM<\/td><\/tr><tr><td class=\"col6\" colspan=\"6\">Actuaciones de antena<\/td><\/tr><tr><td rowspan=\"2\">Ancho de haz\/Tx<\/td><td>azimut(-6dB)<\/td><td>\u00a0<\/td><td>22<\/td><td>\u00a0<\/td><td>t\u00fa<\/td><\/tr><tr><td>elevaci\u00f3n (-6dB)<\/td><td>\u00a0<\/td><td>13<\/td><td>\u00a0<\/td><td>t\u00fa<\/td><\/tr><tr><td class=\"col6\" colspan=\"6\">Otras caracter\u00edsticas<\/td><\/tr><tr><td>Tensi\u00f3n de alimentaci\u00f3n<\/td><td>\u00a0<\/td><td>\u00a0<\/td><td>12<\/td><td>\u00a0<\/td><td>VCC<\/td><\/tr><tr><td>Peso<\/td><td>\u00a0<\/td><td>\u00a0<\/td><td>\u00a0<\/td><td>\u00a0750<\/td><td>gramo<\/td><\/tr><tr><td>Dimensiones del contorno<\/td><td>\u00a0<\/td><td colspan=\"3\">149,5\u00d7125,5\u00d749,2 (largo x ancho x alto)<\/td><td>mil\u00edmetros<\/td><\/tr><\/tbody><\/table><\/div>\t\t\t\t\t\t<\/div>\n\t\t\t\t<\/div>\n\t\t\t\t<\/div>\n\t\t\t\t\t\t\t<\/div>\n\t\t","protected":false},"excerpt":{"rendered":"<p>Sistema de v\u00eddeo por radar perimetral NSR100VF Nanoradar NSR100VF es un sistema de alerta inteligente de fusi\u00f3n de radar y v\u00eddeo. El sistema da una alerta temprana cuando el objetivo entra en la zona de protecci\u00f3n, mientras tanto, posiciona el objetivo detectando su distancia, \u00e1ngulo y velocidad. Despu\u00e9s de una doble auditor\u00eda de la tecnolog\u00eda &hellip;<\/p>\n<p class=\"read-more\"> <a class=\"\" href=\"https:\/\/nanoradar.cl\/?page_id=2655\"> <span class=\"screen-reader-text\">NSR100VF<\/span> Read More &raquo;<\/a><\/p>\n","protected":false},"author":1,"featured_media":0,"parent":0,"menu_order":0,"comment_status":"closed","ping_status":"closed","template":"","meta":{"om_disable_all_campaigns":false,"_monsterinsights_skip_tracking":false,"_monsterinsights_sitenote_active":false,"_monsterinsights_sitenote_note":"","_monsterinsights_sitenote_category":0,"site-sidebar-layout":"no-sidebar","site-content-layout":"page-builder","ast-site-content-layout":"full-width-container","site-content-style":"default","site-sidebar-style":"default","ast-global-header-display":"","ast-banner-title-visibility":"","ast-main-header-display":"","ast-hfb-above-header-display":"","ast-hfb-below-header-display":"","ast-hfb-mobile-header-display":"","site-post-title":"disabled","ast-breadcrumbs-content":"","ast-featured-img":"disabled","footer-sml-layout":"","theme-transparent-header-meta":"","adv-header-id-meta":"","stick-header-meta":"","header-above-stick-meta":"","header-main-stick-meta":"","header-below-stick-meta":"","astra-migrate-meta-layouts":"set","footnotes":""},"class_list":["post-2655","page","type-page","status-publish","hentry"],"aioseo_notices":[],"_links":{"self":[{"href":"https:\/\/nanoradar.cl\/index.php?rest_route=\/wp\/v2\/pages\/2655","targetHints":{"allow":["GET"]}}],"collection":[{"href":"https:\/\/nanoradar.cl\/index.php?rest_route=\/wp\/v2\/pages"}],"about":[{"href":"https:\/\/nanoradar.cl\/index.php?rest_route=\/wp\/v2\/types\/page"}],"author":[{"embeddable":true,"href":"https:\/\/nanoradar.cl\/index.php?rest_route=\/wp\/v2\/users\/1"}],"replies":[{"embeddable":true,"href":"https:\/\/nanoradar.cl\/index.php?rest_route=%2Fwp%2Fv2%2Fcomments&post=2655"}],"version-history":[{"count":4,"href":"https:\/\/nanoradar.cl\/index.php?rest_route=\/wp\/v2\/pages\/2655\/revisions"}],"predecessor-version":[{"id":2660,"href":"https:\/\/nanoradar.cl\/index.php?rest_route=\/wp\/v2\/pages\/2655\/revisions\/2660"}],"wp:attachment":[{"href":"https:\/\/nanoradar.cl\/index.php?rest_route=%2Fwp%2Fv2%2Fmedia&parent=2655"}],"curies":[{"name":"wp","href":"https:\/\/api.w.org\/{rel}","templated":true}]}}