{"id":2599,"date":"2024-01-14T04:31:02","date_gmt":"2024-01-14T07:31:02","guid":{"rendered":"https:\/\/nanoradar.cl\/?page_id=2599"},"modified":"2024-01-14T04:33:39","modified_gmt":"2024-01-14T07:33:39","slug":"nsr60w","status":"publish","type":"page","link":"https:\/\/nanoradar.cl\/?page_id=2599","title":{"rendered":"NSR60W"},"content":{"rendered":"\t\t<div data-elementor-type=\"wp-page\" data-elementor-id=\"2599\" class=\"elementor elementor-2599\" data-elementor-post-type=\"page\">\n\t\t\t\t\t\t\t<div class=\"elementor-element elementor-element-a901c0b e-flex e-con-boxed e-con e-parent\" data-id=\"a901c0b\" data-element_type=\"container\" data-settings=\"{&quot;container_type&quot;:&quot;flex&quot;,&quot;content_width&quot;:&quot;boxed&quot;}\" data-core-v316-plus=\"true\">\n\t\t\t\t\t<div class=\"e-con-inner\">\n\t\t\t\t<div class=\"elementor-element elementor-element-29d807e1 elementor-widget elementor-widget-spacer\" data-id=\"29d807e1\" data-element_type=\"widget\" data-widget_type=\"spacer.default\">\n\t\t\t\t<div class=\"elementor-widget-container\">\n\t\t\t<style>\/*! elementor - v3.16.0 - 14-09-2023 *\/\n.elementor-column .elementor-spacer-inner{height:var(--spacer-size)}.e-con{--container-widget-width:100%}.e-con-inner>.elementor-widget-spacer,.e-con>.elementor-widget-spacer{width:var(--container-widget-width,var(--spacer-size));--align-self:var(--container-widget-align-self,initial);--flex-shrink:0}.e-con-inner>.elementor-widget-spacer>.elementor-widget-container,.e-con>.elementor-widget-spacer>.elementor-widget-container{height:100%;width:100%}.e-con-inner>.elementor-widget-spacer>.elementor-widget-container>.elementor-spacer,.e-con>.elementor-widget-spacer>.elementor-widget-container>.elementor-spacer{height:100%}.e-con-inner>.elementor-widget-spacer>.elementor-widget-container>.elementor-spacer>.elementor-spacer-inner,.e-con>.elementor-widget-spacer>.elementor-widget-container>.elementor-spacer>.elementor-spacer-inner{height:var(--container-widget-height,var(--spacer-size))}.e-con-inner>.elementor-widget-spacer.elementor-widget-empty,.e-con>.elementor-widget-spacer.elementor-widget-empty{position:relative;min-height:22px;min-width:22px}.e-con-inner>.elementor-widget-spacer.elementor-widget-empty .elementor-widget-empty-icon,.e-con>.elementor-widget-spacer.elementor-widget-empty .elementor-widget-empty-icon{position:absolute;top:0;bottom:0;left:0;right:0;margin:auto;padding:0;width:22px;height:22px}<\/style>\t\t<div class=\"elementor-spacer\">\n\t\t\t<div class=\"elementor-spacer-inner\"><\/div>\n\t\t<\/div>\n\t\t\t\t<\/div>\n\t\t\t\t<\/div>\n\t\t\t\t\t<\/div>\n\t\t\t\t<\/div>\n\t\t<div class=\"elementor-element elementor-element-64cb83b6 e-con-full e-flex e-con e-parent\" data-id=\"64cb83b6\" data-element_type=\"container\" data-settings=\"{&quot;content_width&quot;:&quot;full&quot;,&quot;container_type&quot;:&quot;flex&quot;}\" data-core-v316-plus=\"true\">\n\t\t\t\t<div class=\"elementor-element elementor-element-52a8e670 elementor-widget elementor-widget-image\" data-id=\"52a8e670\" data-element_type=\"widget\" data-widget_type=\"image.default\">\n\t\t\t\t<div class=\"elementor-widget-container\">\n\t\t\t<style>\/*! elementor - v3.16.0 - 14-09-2023 *\/\n.elementor-widget-image{text-align:center}.elementor-widget-image a{display:inline-block}.elementor-widget-image a img[src$=\".svg\"]{width:48px}.elementor-widget-image img{vertical-align:middle;display:inline-block}<\/style>\t\t\t\t\t\t\t\t\t\t\t\t<img loading=\"lazy\" decoding=\"async\" width=\"1024\" height=\"187\" src=\"https:\/\/nanoradar.cl\/wp-content\/uploads\/2024\/01\/5c9b5a210ec82.jpg\" class=\"attachment-large size-large wp-image-2510\" alt=\"\" \/>\t\t\t\t\t\t\t\t\t\t\t\t\t\t\t<\/div>\n\t\t\t\t<\/div>\n\t\t\t\t<\/div>\n\t\t<div class=\"elementor-element elementor-element-612a58be e-con-full e-flex e-con e-parent\" data-id=\"612a58be\" data-element_type=\"container\" data-settings=\"{&quot;content_width&quot;:&quot;full&quot;,&quot;container_type&quot;:&quot;flex&quot;}\" data-core-v316-plus=\"true\">\n\t\t<div class=\"elementor-element elementor-element-790e3d11 e-con-full e-flex e-con e-child\" data-id=\"790e3d11\" data-element_type=\"container\" data-settings=\"{&quot;content_width&quot;:&quot;full&quot;,&quot;container_type&quot;:&quot;flex&quot;}\">\n\t\t\t\t<div class=\"elementor-element elementor-element-561c79c2 elementor-widget elementor-widget-heading\" data-id=\"561c79c2\" data-element_type=\"widget\" data-widget_type=\"heading.default\">\n\t\t\t\t<div class=\"elementor-widget-container\">\n\t\t\t<style>\/*! elementor - v3.16.0 - 14-09-2023 *\/\n.elementor-heading-title{padding:0;margin:0;line-height:1}.elementor-widget-heading .elementor-heading-title[class*=elementor-size-]>a{color:inherit;font-size:inherit;line-height:inherit}.elementor-widget-heading .elementor-heading-title.elementor-size-small{font-size:15px}.elementor-widget-heading .elementor-heading-title.elementor-size-medium{font-size:19px}.elementor-widget-heading .elementor-heading-title.elementor-size-large{font-size:29px}.elementor-widget-heading .elementor-heading-title.elementor-size-xl{font-size:39px}.elementor-widget-heading .elementor-heading-title.elementor-size-xxl{font-size:59px}<\/style><h2 class=\"elementor-heading-title elementor-size-default\">Radar de vigilancia terrestre NSR60W<\/h2>\t\t<\/div>\n\t\t\t\t<\/div>\n\t\t\t\t<div class=\"elementor-element elementor-element-3df0548f elementor-widget elementor-widget-text-editor\" data-id=\"3df0548f\" data-element_type=\"widget\" data-widget_type=\"text-editor.default\">\n\t\t\t\t<div class=\"elementor-widget-container\">\n\t\t\t<style>\/*! elementor - v3.16.0 - 14-09-2023 *\/\n.elementor-widget-text-editor.elementor-drop-cap-view-stacked .elementor-drop-cap{background-color:#69727d;color:#fff}.elementor-widget-text-editor.elementor-drop-cap-view-framed .elementor-drop-cap{color:#69727d;border:3px solid;background-color:transparent}.elementor-widget-text-editor:not(.elementor-drop-cap-view-default) .elementor-drop-cap{margin-top:8px}.elementor-widget-text-editor:not(.elementor-drop-cap-view-default) .elementor-drop-cap-letter{width:1em;height:1em}.elementor-widget-text-editor .elementor-drop-cap{float:left;text-align:center;line-height:1;font-size:50px}.elementor-widget-text-editor .elementor-drop-cap-letter{display:inline-block}<\/style>\t\t\t\t<p>Nanoradar NSR60W es un radar de seguridad inteligente de \u00e1rea amplia que puede detectar objetivos hasta 60 m. El radar detecta y advierte cuando el objetivo ingresa a la zona de defensa y admite la integraci\u00f3n con tecnolog\u00eda de an\u00e1lisis de video. Adopta el modo de modulaci\u00f3n FMCW, que tiene una alta precisi\u00f3n de detecci\u00f3n; Adopta una tecnolog\u00eda \u00fanica de s\u00edntesis de haz digital (DBF), que puede mejorar en gran medida la capacidad antiinterferencias del sistema de radar. Con capacidad de resoluci\u00f3n de \u00e1ngulo de alta precisi\u00f3n, capacidad de detecci\u00f3n a baja velocidad, a trav\u00e9s del procesamiento de se\u00f1ales de fondo y algoritmos de reconocimiento de patrones, el radar puede distinguir entre objetivos humanos y veh\u00edculos, y filtrar eficazmente insectos, aves y otras interferencias animales.<\/p>\t\t\t\t\t\t<\/div>\n\t\t\t\t<\/div>\n\t\t\t\t<div class=\"elementor-element elementor-element-590986b8 elementor-widget elementor-widget-heading\" data-id=\"590986b8\" data-element_type=\"widget\" data-widget_type=\"heading.default\">\n\t\t\t\t<div class=\"elementor-widget-container\">\n\t\t\t<h2 class=\"elementor-heading-title elementor-size-default\">Serie:\nRadar MMW de 60GHz<\/h2>\t\t<\/div>\n\t\t\t\t<\/div>\n\t\t\t\t<div class=\"elementor-element elementor-element-3d041ef3 elementor-widget elementor-widget-text-editor\" data-id=\"3d041ef3\" data-element_type=\"widget\" data-widget_type=\"text-editor.default\">\n\t\t\t\t<div class=\"elementor-widget-container\">\n\t\t\t\t\t\t\t<p>Aplicaciones:<br \/>Los productos pueden usarse ampliamente en prisiones, cuarteles, plazas, aeropuertos, puertos, campos petroleros, dep\u00f3sitos de petr\u00f3leo y otras \u00e1reas importantes de seguridad perimetral.<\/p>\t\t\t\t\t\t<\/div>\n\t\t\t\t<\/div>\n\t\t\t\t<div class=\"elementor-element elementor-element-4cc05c3f elementor-widget elementor-widget-heading\" data-id=\"4cc05c3f\" data-element_type=\"widget\" data-widget_type=\"heading.default\">\n\t\t\t\t<div class=\"elementor-widget-container\">\n\t\t\t<h2 class=\"elementor-heading-title elementor-size-default\">Caracter\u00edsticas:<\/h2>\t\t<\/div>\n\t\t\t\t<\/div>\n\t\t\t\t<div class=\"elementor-element elementor-element-651add5 elementor-widget elementor-widget-text-editor\" data-id=\"651add5\" data-element_type=\"widget\" data-widget_type=\"text-editor.default\">\n\t\t\t\t<div class=\"elementor-widget-container\">\n\t\t\t\t\t\t\t<p>\u223c Radar de detecci\u00f3n de objetivos en movimiento que opera en la banda ISM de 60 GHz<\/p><p>\u223c Puede detectar objetos que se mueven extremadamente lentamente y filtrar interferencias de \u00e1rboles, c\u00e9sped y otras plantas.<\/p><p>\u223c La tecnolog\u00eda DBF avanzada detecta con precisi\u00f3n el \u00e1ngulo de acimut, el \u00e1ngulo de inclinaci\u00f3n, la distancia y otra informaci\u00f3n del objetivo.<\/p><p>\u223c Clase de protecci\u00f3n IP66 para aplicaciones en exteriores<\/p><p>\u223c Puertos ricos RJ45\/RS485<\/p><p>\u223c RoHS<\/p>\t\t\t\t\t\t<\/div>\n\t\t\t\t<\/div>\n\t\t\t\t<\/div>\n\t\t<div class=\"elementor-element elementor-element-30a79655 e-con-full e-flex e-con e-child\" data-id=\"30a79655\" data-element_type=\"container\" data-settings=\"{&quot;content_width&quot;:&quot;full&quot;,&quot;container_type&quot;:&quot;flex&quot;}\">\n\t\t<div class=\"elementor-element elementor-element-3abc5553 e-flex e-con-boxed e-con e-child\" data-id=\"3abc5553\" data-element_type=\"container\" data-settings=\"{&quot;container_type&quot;:&quot;flex&quot;,&quot;content_width&quot;:&quot;boxed&quot;}\">\n\t\t\t\t\t<div class=\"e-con-inner\">\n\t\t\t\t<div class=\"elementor-element elementor-element-6ae2a227 elementor-widget elementor-widget-spacer\" data-id=\"6ae2a227\" data-element_type=\"widget\" data-widget_type=\"spacer.default\">\n\t\t\t\t<div class=\"elementor-widget-container\">\n\t\t\t\t\t<div class=\"elementor-spacer\">\n\t\t\t<div class=\"elementor-spacer-inner\"><\/div>\n\t\t<\/div>\n\t\t\t\t<\/div>\n\t\t\t\t<\/div>\n\t\t<div class=\"elementor-element elementor-element-50adfadd e-flex e-con-boxed e-con e-child\" data-id=\"50adfadd\" data-element_type=\"container\" data-settings=\"{&quot;container_type&quot;:&quot;flex&quot;,&quot;content_width&quot;:&quot;boxed&quot;}\">\n\t\t\t\t\t<div class=\"e-con-inner\">\n\t\t\t\t<div class=\"elementor-element elementor-element-7b70b235 elementor-widget elementor-widget-image\" data-id=\"7b70b235\" data-element_type=\"widget\" data-widget_type=\"image.default\">\n\t\t\t\t<div class=\"elementor-widget-container\">\n\t\t\t\t\t\t\t\t\t\t\t\t\t\t\t<img loading=\"lazy\" decoding=\"async\" width=\"587\" height=\"432\" src=\"https:\/\/nanoradar.cl\/wp-content\/uploads\/2024\/01\/646d7b326cb08.jpg\" class=\"attachment-large size-large wp-image-2560\" alt=\"\" \/>\t\t\t\t\t\t\t\t\t\t\t\t\t\t\t<\/div>\n\t\t\t\t<\/div>\n\t\t\t\t\t<\/div>\n\t\t\t\t<\/div>\n\t\t\t\t\t<\/div>\n\t\t\t\t<\/div>\n\t\t<div class=\"elementor-element elementor-element-2469e7f7 e-flex e-con-boxed e-con e-child\" data-id=\"2469e7f7\" data-element_type=\"container\" data-settings=\"{&quot;container_type&quot;:&quot;flex&quot;,&quot;content_width&quot;:&quot;boxed&quot;}\">\n\t\t\t\t\t<div class=\"e-con-inner\">\n\t\t\t\t<div class=\"elementor-element elementor-element-6fe5733d elementor-button-info elementor-align-center elementor-widget elementor-widget-button\" data-id=\"6fe5733d\" data-element_type=\"widget\" data-widget_type=\"button.default\">\n\t\t\t\t<div class=\"elementor-widget-container\">\n\t\t\t\t\t<div class=\"elementor-button-wrapper\">\n\t\t\t<a class=\"elementor-button elementor-button-link elementor-size-sm\" href=\"http:\/\/nanoradar.cl\/wp-content\/uploads\/2024\/01\/NSR60W-brochure.pdf\" target=\"_blank\">\n\t\t\t\t\t\t<span class=\"elementor-button-content-wrapper\">\n\t\t\t\t\t\t<span class=\"elementor-button-icon elementor-align-icon-left\">\n\t\t\t\t<svg aria-hidden=\"true\" class=\"e-font-icon-svg e-fas-file-pdf\" viewBox=\"0 0 384 512\" xmlns=\"http:\/\/www.w3.org\/2000\/svg\"><path d=\"M181.9 256.1c-5-16-4.9-46.9-2-46.9 8.4 0 7.6 36.9 2 46.9zm-1.7 47.2c-7.7 20.2-17.3 43.3-28.4 62.7 18.3-7 39-17.2 62.9-21.9-12.7-9.6-24.9-23.4-34.5-40.8zM86.1 428.1c0 .8 13.2-5.4 34.9-40.2-6.7 6.3-29.1 24.5-34.9 40.2zM248 160h136v328c0 13.3-10.7 24-24 24H24c-13.3 0-24-10.7-24-24V24C0 10.7 10.7 0 24 0h200v136c0 13.2 10.8 24 24 24zm-8 171.8c-20-12.2-33.3-29-42.7-53.8 4.5-18.5 11.6-46.6 6.2-64.2-4.7-29.4-42.4-26.5-47.8-6.8-5 18.3-.4 44.1 8.1 77-11.6 27.6-28.7 64.6-40.8 85.8-.1 0-.1.1-.2.1-27.1 13.9-73.6 44.5-54.5 68 5.6 6.9 16 10 21.5 10 17.9 0 35.7-18 61.1-61.8 25.8-8.5 54.1-19.1 79-23.2 21.7 11.8 47.1 19.5 64 19.5 29.2 0 31.2-32 19.7-43.4-13.9-13.6-54.3-9.7-73.6-7.2zM377 105L279 7c-4.5-4.5-10.6-7-17-7h-6v128h128v-6.1c0-6.3-2.5-12.4-7-16.9zm-74.1 255.3c4.1-2.7-2.5-11.9-42.8-9 37.1 15.8 42.8 9 42.8 9z\"><\/path><\/svg>\t\t\t<\/span>\n\t\t\t\t\t\t<span class=\"elementor-button-text\">FOLLETO DEL PRODUCTO<\/span>\n\t\t<\/span>\n\t\t\t\t\t<\/a>\n\t\t<\/div>\n\t\t\t\t<\/div>\n\t\t\t\t<\/div>\n\t\t\t\t\t<\/div>\n\t\t\t\t<\/div>\n\t\t<div class=\"elementor-element elementor-element-4a9ac900 e-flex e-con-boxed e-con e-child\" data-id=\"4a9ac900\" data-element_type=\"container\" data-settings=\"{&quot;container_type&quot;:&quot;flex&quot;,&quot;content_width&quot;:&quot;boxed&quot;}\">\n\t\t\t\t\t<div class=\"e-con-inner\">\n\t\t\t\t<div class=\"elementor-element elementor-element-2113df0e elementor-button-info elementor-align-center elementor-widget elementor-widget-button\" data-id=\"2113df0e\" data-element_type=\"widget\" data-widget_type=\"button.default\">\n\t\t\t\t<div class=\"elementor-widget-container\">\n\t\t\t\t\t<div class=\"elementor-button-wrapper\">\n\t\t\t<a class=\"elementor-button elementor-button-link elementor-size-sm\" href=\"https:\/\/nanoradar.cl\/?page_id=1555\" target=\"_blank\">\n\t\t\t\t\t\t<span class=\"elementor-button-content-wrapper\">\n\t\t\t\t\t\t<span class=\"elementor-button-icon elementor-align-icon-left\">\n\t\t\t\t<svg aria-hidden=\"true\" class=\"e-font-icon-svg e-fas-info\" viewBox=\"0 0 192 512\" xmlns=\"http:\/\/www.w3.org\/2000\/svg\"><path d=\"M20 424.229h20V279.771H20c-11.046 0-20-8.954-20-20V212c0-11.046 8.954-20 20-20h112c11.046 0 20 8.954 20 20v212.229h20c11.046 0 20 8.954 20 20V492c0 11.046-8.954 20-20 20H20c-11.046 0-20-8.954-20-20v-47.771c0-11.046 8.954-20 20-20zM96 0C56.235 0 24 32.235 24 72s32.235 72 72 72 72-32.235 72-72S135.764 0 96 0z\"><\/path><\/svg>\t\t\t<\/span>\n\t\t\t\t\t\t<span class=\"elementor-button-text\">CONSULTA DE PRODUCTO<\/span>\n\t\t<\/span>\n\t\t\t\t\t<\/a>\n\t\t<\/div>\n\t\t\t\t<\/div>\n\t\t\t\t<\/div>\n\t\t\t\t\t<\/div>\n\t\t\t\t<\/div>\n\t\t\t\t<\/div>\n\t\t\t\t<\/div>\n\t\t<div class=\"elementor-element elementor-element-3851d403 e-con-full e-flex e-con e-parent\" data-id=\"3851d403\" data-element_type=\"container\" data-settings=\"{&quot;content_width&quot;:&quot;full&quot;,&quot;container_type&quot;:&quot;flex&quot;}\" data-core-v316-plus=\"true\">\n\t\t\t\t<div class=\"elementor-element elementor-element-253e05ac elementor-widget elementor-widget-text-editor\" data-id=\"253e05ac\" data-element_type=\"widget\" data-widget_type=\"text-editor.default\">\n\t\t\t\t<div class=\"elementor-widget-container\">\n\t\t\t\t\t\t\t<div class=\"col-12 product-item\"><h3><span style=\"color: #ffffff;\">Especificaciones:<\/span><\/h3><\/div><div class=\"col-12\"><table class=\"gridtable\" width=\"90%\"><tbody><tr><th width=\"20%\"><strong><span>PAR\u00c1METRO<\/span><\/strong><\/th><th width=\"15%\"><strong><span>CONDICIONES<\/span><\/strong><\/th><th width=\"15%\"><strong><span>M\u00cdNIMO<\/span><\/strong><\/th><th width=\"15%\"><strong><span>TIPO<\/span><\/strong><\/th><th width=\"15%\"><strong><span>M\u00c1XIMO<\/span><\/strong><\/th><th width=\"10%\"><strong><span>UNIDADES<\/span><\/strong><\/th><\/tr><tr><td class=\"col6\" colspan=\"6\"><strong><span>Caracter\u00edsticas del sistema<\/span><\/strong><\/td><\/tr><tr><td><span>Frecuencia de transmisi\u00f3n\u00a0<\/span><\/td><td>\u00a0<\/td><td>61.20<\/td><td>\u00a0<\/td><td>61.50<\/td><td><span>GHz<\/span><\/td><\/tr><tr><td><span>Potencia de salida (PIRE)<\/span><\/td><td>\u00a0<\/td><td>\u00a0<\/td><td>22<\/td><td>\u00a0<\/td><td><span>dBm<\/span><\/td><\/tr><tr><td><span>Tipo de modulaci\u00f3n<\/span><\/td><td>\u00a0<\/td><td colspan=\"3\"><span>FMCW<\/span><\/td><td>\u00a0<\/td><\/tr><tr><td><span>Frecuencia de actualizaci\u00f3n<\/span><\/td><td>\u00a0<\/td><td colspan=\"3\">10<\/td><td><span>Hz<\/span><\/td><\/tr><tr><td><span>Interface de comunicaci\u00f3n<\/span><\/td><td>\u00a0<\/td><td colspan=\"3\"><span>Ethernet\/RS485<\/span><\/td><td>\u00a0<\/td><\/tr><tr><td class=\"col6\" colspan=\"6\"><strong><span>Caracter\u00edsticas de medici\u00f3n de alcance y velocidad<\/span><\/strong><\/td><\/tr><tr><td><span>Rango de medici\u00f3n de distancia<\/span><\/td><td><span>@0dBsm<\/span><\/td><td>1<\/td><td>\u00a0<\/td><td><p><span>60 (peatones)<\/span><\/p><p><span>60 (veh\u00edculo)<\/span><\/p><\/td><td><span>metro<\/span><\/td><\/tr><tr><td><span>Rango de medici\u00f3n de velocidad<\/span><\/td><td>\u00a0<\/td><td>0.5<\/td><td>\u00a0<\/td><td>30<\/td><td><span>EM<\/span><\/td><\/tr><tr><td class=\"col6\" colspan=\"6\"><strong><span>Actuaciones de antena<\/span><\/strong><\/td><\/tr><tr><td rowspan=\"2\"><span>Ancho de haz\/Tx<\/span><\/td><td><span>azimut(-6dB)<\/span><\/td><td>\u00a0<\/td><td>120<\/td><td>\u00a0<\/td><td><span>t\u00fa<\/span><\/td><\/tr><tr><td><span>elevaci\u00f3n (-6dB)<\/span><\/td><td>\u00a0<\/td><td><span>22<\/span><\/td><td>\u00a0<\/td><td><span>t\u00fa<\/span><\/td><\/tr><tr><td rowspan=\"2\"><span>\u00c1rea de detecci\u00f3n<\/span><\/td><td><span>acimut (FoV)<\/span><\/td><td>\u00a0<\/td><td><span>120<\/span><\/td><td>\u00a0<\/td><td><span>t\u00fa<\/span><\/td><\/tr><tr><td><span>elevaci\u00f3n (FoV)<\/span><\/td><td>\u00a0<\/td><td><span>22<\/span><\/td><td>\u00a0<\/td><td><span>t\u00fa<\/span><\/td><\/tr><tr><td class=\"col6\" colspan=\"6\"><strong><span>Otras caracter\u00edsticas<\/span><\/strong><\/td><\/tr><tr><td><span>Tensi\u00f3n de alimentaci\u00f3n<\/span><\/td><td>\u00a0<\/td><td>\u00a0<\/td><td><span>12 VCC\/PoE<\/span><\/td><td>\u00a0<\/td><td>\/<\/td><\/tr><tr><td><span>Peso<\/span><\/td><td>\u00a0<\/td><td>\u00a0<\/td><td>&#8211;<\/td><td>\u00a0<\/td><td><span>gramo<\/span><\/td><\/tr><tr><td><span>Dimensiones del contorno<\/span><\/td><td><span>\u00a0LxAnxAl<\/span><\/td><td colspan=\"3\">149.5\u00d7125.5\u00d745.2<\/td><td><span>mil\u00edmetros<\/span><\/td><\/tr><\/tbody><\/table><\/div>\t\t\t\t\t\t<\/div>\n\t\t\t\t<\/div>\n\t\t\t\t<\/div>\n\t\t\t\t\t\t\t<\/div>\n\t\t","protected":false},"excerpt":{"rendered":"<p>Radar de vigilancia terrestre NSR60W Nanoradar NSR60W es un radar de seguridad inteligente de \u00e1rea amplia que puede detectar objetivos hasta 60 m. El radar detecta y advierte cuando el objetivo ingresa a la zona de defensa y admite la integraci\u00f3n con tecnolog\u00eda de an\u00e1lisis de video. Adopta el modo de modulaci\u00f3n FMCW, que tiene &hellip;<\/p>\n<p class=\"read-more\"> <a class=\"\" href=\"https:\/\/nanoradar.cl\/?page_id=2599\"> <span class=\"screen-reader-text\">NSR60W<\/span> Read More &raquo;<\/a><\/p>\n","protected":false},"author":1,"featured_media":0,"parent":0,"menu_order":0,"comment_status":"closed","ping_status":"closed","template":"","meta":{"om_disable_all_campaigns":false,"_monsterinsights_skip_tracking":false,"_monsterinsights_sitenote_active":false,"_monsterinsights_sitenote_note":"","_monsterinsights_sitenote_category":0,"site-sidebar-layout":"no-sidebar","site-content-layout":"page-builder","ast-site-content-layout":"full-width-container","site-content-style":"default","site-sidebar-style":"default","ast-global-header-display":"","ast-banner-title-visibility":"","ast-main-header-display":"","ast-hfb-above-header-display":"","ast-hfb-below-header-display":"","ast-hfb-mobile-header-display":"","site-post-title":"disabled","ast-breadcrumbs-content":"","ast-featured-img":"disabled","footer-sml-layout":"","theme-transparent-header-meta":"","adv-header-id-meta":"","stick-header-meta":"","header-above-stick-meta":"","header-main-stick-meta":"","header-below-stick-meta":"","astra-migrate-meta-layouts":"set","footnotes":""},"class_list":["post-2599","page","type-page","status-publish","hentry"],"aioseo_notices":[],"_links":{"self":[{"href":"https:\/\/nanoradar.cl\/index.php?rest_route=\/wp\/v2\/pages\/2599","targetHints":{"allow":["GET"]}}],"collection":[{"href":"https:\/\/nanoradar.cl\/index.php?rest_route=\/wp\/v2\/pages"}],"about":[{"href":"https:\/\/nanoradar.cl\/index.php?rest_route=\/wp\/v2\/types\/page"}],"author":[{"embeddable":true,"href":"https:\/\/nanoradar.cl\/index.php?rest_route=\/wp\/v2\/users\/1"}],"replies":[{"embeddable":true,"href":"https:\/\/nanoradar.cl\/index.php?rest_route=%2Fwp%2Fv2%2Fcomments&post=2599"}],"version-history":[{"count":4,"href":"https:\/\/nanoradar.cl\/index.php?rest_route=\/wp\/v2\/pages\/2599\/revisions"}],"predecessor-version":[{"id":2604,"href":"https:\/\/nanoradar.cl\/index.php?rest_route=\/wp\/v2\/pages\/2599\/revisions\/2604"}],"wp:attachment":[{"href":"https:\/\/nanoradar.cl\/index.php?rest_route=%2Fwp%2Fv2%2Fmedia&parent=2599"}],"curies":[{"name":"wp","href":"https:\/\/api.w.org\/{rel}","templated":true}]}}