{"id":2521,"date":"2024-01-14T02:33:54","date_gmt":"2024-01-14T05:33:54","guid":{"rendered":"https:\/\/nanoradar.cl\/?page_id=2521"},"modified":"2024-01-14T05:15:29","modified_gmt":"2024-01-14T08:15:29","slug":"drones","status":"publish","type":"page","link":"https:\/\/nanoradar.cl\/?page_id=2521","title":{"rendered":"Drones"},"content":{"rendered":"\t\t<div data-elementor-type=\"wp-page\" data-elementor-id=\"2521\" class=\"elementor elementor-2521\" data-elementor-post-type=\"page\">\n\t\t\t\t\t\t\t<div class=\"elementor-element elementor-element-8b1f90b e-flex e-con-boxed e-con e-parent\" data-id=\"8b1f90b\" data-element_type=\"container\" data-settings=\"{&quot;container_type&quot;:&quot;flex&quot;,&quot;content_width&quot;:&quot;boxed&quot;}\" data-core-v316-plus=\"true\">\n\t\t\t\t\t<div class=\"e-con-inner\">\n\t\t\t\t<div class=\"elementor-element elementor-element-fe2ab78 elementor-widget elementor-widget-spacer\" data-id=\"fe2ab78\" data-element_type=\"widget\" data-widget_type=\"spacer.default\">\n\t\t\t\t<div class=\"elementor-widget-container\">\n\t\t\t<style>\/*! elementor - v3.16.0 - 14-09-2023 *\/\n.elementor-column .elementor-spacer-inner{height:var(--spacer-size)}.e-con{--container-widget-width:100%}.e-con-inner>.elementor-widget-spacer,.e-con>.elementor-widget-spacer{width:var(--container-widget-width,var(--spacer-size));--align-self:var(--container-widget-align-self,initial);--flex-shrink:0}.e-con-inner>.elementor-widget-spacer>.elementor-widget-container,.e-con>.elementor-widget-spacer>.elementor-widget-container{height:100%;width:100%}.e-con-inner>.elementor-widget-spacer>.elementor-widget-container>.elementor-spacer,.e-con>.elementor-widget-spacer>.elementor-widget-container>.elementor-spacer{height:100%}.e-con-inner>.elementor-widget-spacer>.elementor-widget-container>.elementor-spacer>.elementor-spacer-inner,.e-con>.elementor-widget-spacer>.elementor-widget-container>.elementor-spacer>.elementor-spacer-inner{height:var(--container-widget-height,var(--spacer-size))}.e-con-inner>.elementor-widget-spacer.elementor-widget-empty,.e-con>.elementor-widget-spacer.elementor-widget-empty{position:relative;min-height:22px;min-width:22px}.e-con-inner>.elementor-widget-spacer.elementor-widget-empty .elementor-widget-empty-icon,.e-con>.elementor-widget-spacer.elementor-widget-empty .elementor-widget-empty-icon{position:absolute;top:0;bottom:0;left:0;right:0;margin:auto;padding:0;width:22px;height:22px}<\/style>\t\t<div class=\"elementor-spacer\">\n\t\t\t<div class=\"elementor-spacer-inner\"><\/div>\n\t\t<\/div>\n\t\t\t\t<\/div>\n\t\t\t\t<\/div>\n\t\t\t\t\t<\/div>\n\t\t\t\t<\/div>\n\t\t<div class=\"elementor-element elementor-element-bf8515d e-con-full e-flex e-con e-parent\" data-id=\"bf8515d\" data-element_type=\"container\" data-settings=\"{&quot;content_width&quot;:&quot;full&quot;,&quot;container_type&quot;:&quot;flex&quot;}\" data-core-v316-plus=\"true\">\n\t\t\t\t<div class=\"elementor-element elementor-element-e604b5e elementor-widget elementor-widget-image\" data-id=\"e604b5e\" data-element_type=\"widget\" data-widget_type=\"image.default\">\n\t\t\t\t<div class=\"elementor-widget-container\">\n\t\t\t<style>\/*! elementor - v3.16.0 - 14-09-2023 *\/\n.elementor-widget-image{text-align:center}.elementor-widget-image a{display:inline-block}.elementor-widget-image a img[src$=\".svg\"]{width:48px}.elementor-widget-image img{vertical-align:middle;display:inline-block}<\/style>\t\t\t\t\t\t\t\t\t\t\t\t<img loading=\"lazy\" decoding=\"async\" width=\"1024\" height=\"187\" src=\"https:\/\/nanoradar.cl\/wp-content\/uploads\/2024\/01\/5c9b5a0634edc.jpg\" class=\"attachment-large size-large wp-image-2523\" alt=\"\" \/>\t\t\t\t\t\t\t\t\t\t\t\t\t\t\t<\/div>\n\t\t\t\t<\/div>\n\t\t\t\t<\/div>\n\t\t<div class=\"elementor-element elementor-element-8688573 e-con-full e-flex e-con e-parent\" data-id=\"8688573\" data-element_type=\"container\" data-settings=\"{&quot;content_width&quot;:&quot;full&quot;,&quot;container_type&quot;:&quot;flex&quot;}\" data-core-v316-plus=\"true\">\n\t\t\t\t<div class=\"elementor-element elementor-element-ff970e9 elementor-widget elementor-widget-heading\" data-id=\"ff970e9\" data-element_type=\"widget\" data-widget_type=\"heading.default\">\n\t\t\t\t<div class=\"elementor-widget-container\">\n\t\t\t<style>\/*! elementor - v3.16.0 - 14-09-2023 *\/\n.elementor-heading-title{padding:0;margin:0;line-height:1}.elementor-widget-heading .elementor-heading-title[class*=elementor-size-]>a{color:inherit;font-size:inherit;line-height:inherit}.elementor-widget-heading .elementor-heading-title.elementor-size-small{font-size:15px}.elementor-widget-heading .elementor-heading-title.elementor-size-medium{font-size:19px}.elementor-widget-heading .elementor-heading-title.elementor-size-large{font-size:29px}.elementor-widget-heading .elementor-heading-title.elementor-size-xl{font-size:39px}.elementor-widget-heading .elementor-heading-title.elementor-size-xxl{font-size:59px}<\/style><h2 class=\"elementor-heading-title elementor-size-default\">UAV<\/h2>\t\t<\/div>\n\t\t\t\t<\/div>\n\t\t\t\t<div class=\"elementor-element elementor-element-9b0e434 elementor-widget elementor-widget-text-editor\" data-id=\"9b0e434\" data-element_type=\"widget\" data-widget_type=\"text-editor.default\">\n\t\t\t\t<div class=\"elementor-widget-container\">\n\t\t\t<style>\/*! elementor - v3.16.0 - 14-09-2023 *\/\n.elementor-widget-text-editor.elementor-drop-cap-view-stacked .elementor-drop-cap{background-color:#69727d;color:#fff}.elementor-widget-text-editor.elementor-drop-cap-view-framed .elementor-drop-cap{color:#69727d;border:3px solid;background-color:transparent}.elementor-widget-text-editor:not(.elementor-drop-cap-view-default) .elementor-drop-cap{margin-top:8px}.elementor-widget-text-editor:not(.elementor-drop-cap-view-default) .elementor-drop-cap-letter{width:1em;height:1em}.elementor-widget-text-editor .elementor-drop-cap{float:left;text-align:center;line-height:1;font-size:50px}.elementor-widget-text-editor .elementor-drop-cap-letter{display:inline-block}<\/style>\t\t\t\t<p>Radar alt\u00edmetro y radar para evitar colisiones para UAV<\/p>\t\t\t\t\t\t<\/div>\n\t\t\t\t<\/div>\n\t\t\t\t<div class=\"elementor-element elementor-element-2f54bf9 elementor-widget elementor-widget-text-editor\" data-id=\"2f54bf9\" data-element_type=\"widget\" data-widget_type=\"text-editor.default\">\n\t\t\t\t<div class=\"elementor-widget-container\">\n\t\t\t\t\t\t\t<p>El radar MMW se est\u00e1 convirtiendo en un imprescindible para cualquier UAV que realice despegues y aterrizajes aut\u00f3nomos. El radar alt\u00edmetro est\u00e1 optimizado para el seguimiento del terreno com\u00fanmente requerido por los UAV agr\u00edcolas de precisi\u00f3n y el radar para evitar colisiones es ampliamente requerido en la mayor\u00eda de los UAV industriales. El radar MMW est\u00e1 dise\u00f1ado para funcionar en multitud de entornos, desde terrenos monta\u00f1osos hasta copas de \u00e1rboles, desde arena hasta agua.<\/p>\t\t\t\t\t\t<\/div>\n\t\t\t\t<\/div>\n\t\t\t\t<\/div>\n\t\t<div class=\"elementor-element elementor-element-b2aebcb e-con-full e-flex e-con e-parent\" data-id=\"b2aebcb\" data-element_type=\"container\" data-settings=\"{&quot;content_width&quot;:&quot;full&quot;,&quot;container_type&quot;:&quot;flex&quot;}\" data-core-v316-plus=\"true\">\n\t\t<div class=\"elementor-element elementor-element-26214b7 e-con-full e-flex e-con e-child\" data-id=\"26214b7\" data-element_type=\"container\" data-settings=\"{&quot;content_width&quot;:&quot;full&quot;,&quot;container_type&quot;:&quot;flex&quot;}\">\n\t\t\t\t<div class=\"elementor-element elementor-element-4d623d7 elementor-widget elementor-widget-heading\" data-id=\"4d623d7\" data-element_type=\"widget\" data-widget_type=\"heading.default\">\n\t\t\t\t<div class=\"elementor-widget-container\">\n\t\t\t<h2 class=\"elementor-heading-title elementor-size-default\">Radar alt\u00edmetro UAV<\/h2>\t\t<\/div>\n\t\t\t\t<\/div>\n\t\t\t\t<div class=\"elementor-element elementor-element-690f55f elementor-widget elementor-widget-text-editor\" data-id=\"690f55f\" data-element_type=\"widget\" data-widget_type=\"text-editor.default\">\n\t\t\t\t<div class=\"elementor-widget-container\">\n\t\t\t\t\t\t\t<p>Radar alt\u00edmetro de 24 GHz para UAV<\/p>\t\t\t\t\t\t<\/div>\n\t\t\t\t<\/div>\n\t\t\t\t<div class=\"elementor-element elementor-element-e3917ea elementor-widget elementor-widget-text-editor\" data-id=\"e3917ea\" data-element_type=\"widget\" data-widget_type=\"text-editor.default\">\n\t\t\t\t<div class=\"elementor-widget-container\">\n\t\t\t\t\t\t\t<p>El radar alt\u00edmetro NanoRadar de 24 GHz se presenta con peso liviano, tama\u00f1o compacto, alta sensibilidad, antiinterferencias, f\u00e1cil de integraci\u00f3n y una precisi\u00f3n m\u00e1xima de \u00b1 0,02 m, que puede penetrar la niebla, el humo y el polvo. Puede realizar aplicaciones en todo clima, durante todo el d\u00eda y en todo terreno y se usa ampliamente en UAV\/UAS, helic\u00f3pteros y dirigibles.<\/p><p>El radar alt\u00edmetro tiene interfaz CAN\/UART. La interfaz de red de comunicaci\u00f3n CAN sigue la especificaci\u00f3n ISO11898-2, la transmisi\u00f3n de datos es m\u00e1s estable y la velocidad de comunicaci\u00f3n es de 500 Kb\/s. La interfaz de comunicaci\u00f3n externa universal para una f\u00e1cil integraci\u00f3n con la computadora host u otros m\u00f3dulos ADAS. Dise\u00f1o URAT compatible con la interfaz, el acuerdo para apoyar las necesidades del cliente.<\/p>\t\t\t\t\t\t<\/div>\n\t\t\t\t<\/div>\n\t\t\t\t<div class=\"elementor-element elementor-element-c4d9aa0 elementor-widget elementor-widget-text-editor\" data-id=\"c4d9aa0\" data-element_type=\"widget\" data-widget_type=\"text-editor.default\">\n\t\t\t\t<div class=\"elementor-widget-container\">\n\t\t\t\t\t\t\t<p>Ventajas del alt\u00edmetro del protocolo CAN:<\/p>\t\t\t\t\t\t<\/div>\n\t\t\t\t<\/div>\n\t\t\t\t<div class=\"elementor-element elementor-element-3bf8277 elementor-widget elementor-widget-text-editor\" data-id=\"3bf8277\" data-element_type=\"widget\" data-widget_type=\"text-editor.default\">\n\t\t\t\t<div class=\"elementor-widget-container\">\n\t\t\t\t\t\t\t<p>\u25a0 El uso de una estructura de trama corta, el n\u00famero efectivo de bytes por trama es 8, la probabilidad de interferencia es baja<br \/>\u25a0 La distancia de transmisi\u00f3n, la m\u00e1s lejana puede ser de 10 km, 1 Mbps de velocidad de comunicaci\u00f3n, distancia de hasta 40 m<br \/>\u25a0 Uso de dos comunicaci\u00f3n en serie por cable, capacidad de detecci\u00f3n de errores, puede funcionar en entornos con mucho ruido<br \/>\u25a0 Cada cuadro de datos tiene una verificaci\u00f3n CRC y otras medidas de detecci\u00f3n de errores para garantizar la alta confiabilidad de la transmisi\u00f3n de datos, adecuada para su uso en entornos con alta interferencia;<\/p>\t\t\t\t\t\t<\/div>\n\t\t\t\t<\/div>\n\t\t<div class=\"elementor-element elementor-element-713f3c0 e-flex e-con-boxed e-con e-child\" data-id=\"713f3c0\" data-element_type=\"container\" data-settings=\"{&quot;container_type&quot;:&quot;flex&quot;,&quot;content_width&quot;:&quot;boxed&quot;}\">\n\t\t\t\t\t<div class=\"e-con-inner\">\n\t\t\t\t<div class=\"elementor-element elementor-element-b2c91f9 elementor-widget elementor-widget-heading\" data-id=\"b2c91f9\" data-element_type=\"widget\" data-widget_type=\"heading.default\">\n\t\t\t\t<div class=\"elementor-widget-container\">\n\t\t\t<h2 class=\"elementor-heading-title elementor-size-default\">Radar para evitar colisiones de veh\u00edculos a\u00e9reos no tripulados<\/h2>\t\t<\/div>\n\t\t\t\t<\/div>\n\t\t\t\t<div class=\"elementor-element elementor-element-eefbfa2 elementor-widget elementor-widget-text-editor\" data-id=\"eefbfa2\" data-element_type=\"widget\" data-widget_type=\"text-editor.default\">\n\t\t\t\t<div class=\"elementor-widget-container\">\n\t\t\t\t\t\t\t<p>Radar para evitar colisiones de 77 GHz para UAV<\/p>\t\t\t\t\t\t<\/div>\n\t\t\t\t<\/div>\n\t\t\t\t<div class=\"elementor-element elementor-element-0210d66 elementor-widget elementor-widget-text-editor\" data-id=\"0210d66\" data-element_type=\"widget\" data-widget_type=\"text-editor.default\">\n\t\t\t\t<div class=\"elementor-widget-container\">\n\t\t\t\t\t\t\t<p>Para satisfacer las demandas urgentes del mercado, Nanoradar ha construido un radar de onda milim\u00e9trica de 77 GHz de doble haz con detecci\u00f3n en tiempo real &#8212; MR72 para evitar colisiones con veh\u00edculos a\u00e9reos no tripulados. Es adecuado para evitar obst\u00e1culos autom\u00e1ticamente para vuelos aut\u00f3nomos de veh\u00edculos a\u00e9reos no tripulados y cruceros de punto fijo en todo clima, en todo momento y en todo terreno. El MR72-UAV admite la salida simult\u00e1nea de informaci\u00f3n de distancia, velocidad y \u00e1ngulo de hasta 50 objetivos. Destacado por su bajo costo, alta precisi\u00f3n, tama\u00f1o peque\u00f1o y liviano y bajo consumo de energ\u00eda, el MR72-UAV es aplicable en agricultura, energ\u00eda, industria, dirigibles peque\u00f1os y otros campos.<\/p>\t\t\t\t\t\t<\/div>\n\t\t\t\t<\/div>\n\t\t\t\t<div class=\"elementor-element elementor-element-5790aa2 elementor-widget elementor-widget-text-editor\" data-id=\"5790aa2\" data-element_type=\"widget\" data-widget_type=\"text-editor.default\">\n\t\t\t\t<div class=\"elementor-widget-container\">\n\t\t\t\t\t\t\t<p>\u00bfPor qu\u00e9 elegir el radar para evitar obst\u00e1culos de onda milim\u00e9trica MR72-UAV de 77 GHz de Nanoradar?<\/p>\t\t\t\t\t\t<\/div>\n\t\t\t\t<\/div>\n\t\t\t\t<div class=\"elementor-element elementor-element-64809cb elementor-widget elementor-widget-text-editor\" data-id=\"64809cb\" data-element_type=\"widget\" data-widget_type=\"text-editor.default\">\n\t\t\t\t<div class=\"elementor-widget-container\">\n\t\t\t\t\t\t\t<p>\u25a0 Larga distancia de detecci\u00f3n: hasta 90 metros para RCS objetivo de 5\u33a1 y 40 m para l\u00edneas de alto voltaje;<\/p><p>\u25a0 Alta precisi\u00f3n de detecci\u00f3n: en comparaci\u00f3n con el radar de 24 GHz, la resoluci\u00f3n del alcance del radar se mejora hasta tres veces y el rendimiento en la capacidad de reconocimiento de obst\u00e1culos es mejor;<\/p><p>\u25a0 Modo de funcionamiento simult\u00e1neo de dos haces: amplio campo de visi\u00f3n en modo de corto alcance; larga distancia de detecci\u00f3n en modo de rango medio;<\/p><p>\u25a0 El \u00e1ngulo de inclinaci\u00f3n del modo de rango medio es de 15,6\u00b0, lo que reduce la interferencia del suelo cuando el UAV se inclina;<\/p><p>\u25a0 Fuerte capacidad antiinterferente: no se ve afectado por la luz, el clima, el medio ambiente, el ruido ni las interferencias electromagn\u00e9ticas de veh\u00edculos a\u00e9reos no tripulados;<\/p><p>\u25a0 Tama\u00f1o compacto: el radar para evitar obst\u00e1culos MMW de 77 GHz es de tama\u00f1o peque\u00f1o y se adapta a diversas aplicaciones;<\/p>\t\t\t\t\t\t<\/div>\n\t\t\t\t<\/div>\n\t\t\t\t\t<\/div>\n\t\t\t\t<\/div>\n\t\t\t\t<\/div>\n\t\t<div class=\"elementor-element elementor-element-da47ae9 e-con-full e-flex e-con e-child\" data-id=\"da47ae9\" data-element_type=\"container\" data-settings=\"{&quot;content_width&quot;:&quot;full&quot;,&quot;container_type&quot;:&quot;flex&quot;}\">\n\t\t<div class=\"elementor-element elementor-element-2addae8 e-flex e-con-boxed e-con e-child\" data-id=\"2addae8\" data-element_type=\"container\" data-settings=\"{&quot;container_type&quot;:&quot;flex&quot;,&quot;content_width&quot;:&quot;boxed&quot;}\">\n\t\t\t\t\t<div class=\"e-con-inner\">\n\t\t\t\t<div class=\"elementor-element elementor-element-a8c9b41 elementor-widget elementor-widget-spacer\" data-id=\"a8c9b41\" data-element_type=\"widget\" data-widget_type=\"spacer.default\">\n\t\t\t\t<div class=\"elementor-widget-container\">\n\t\t\t\t\t<div class=\"elementor-spacer\">\n\t\t\t<div class=\"elementor-spacer-inner\"><\/div>\n\t\t<\/div>\n\t\t\t\t<\/div>\n\t\t\t\t<\/div>\n\t\t\t\t<div class=\"elementor-element elementor-element-664c20c elementor-widget elementor-widget-image\" data-id=\"664c20c\" data-element_type=\"widget\" data-widget_type=\"image.default\">\n\t\t\t\t<div class=\"elementor-widget-container\">\n\t\t\t\t\t\t\t\t\t\t\t\t\t\t\t<img loading=\"lazy\" decoding=\"async\" width=\"380\" height=\"200\" src=\"https:\/\/nanoradar.cl\/wp-content\/uploads\/2024\/01\/5ca16611c3fae.jpg\" class=\"attachment-large size-large wp-image-2524\" alt=\"\" \/>\t\t\t\t\t\t\t\t\t\t\t\t\t\t\t<\/div>\n\t\t\t\t<\/div>\n\t\t\t\t\t<\/div>\n\t\t\t\t<\/div>\n\t\t<div class=\"elementor-element elementor-element-7ce3d6e e-flex e-con-boxed e-con e-child\" data-id=\"7ce3d6e\" data-element_type=\"container\" data-settings=\"{&quot;container_type&quot;:&quot;flex&quot;,&quot;content_width&quot;:&quot;boxed&quot;}\">\n\t\t\t\t\t<div class=\"e-con-inner\">\n\t\t\t\t<div class=\"elementor-element elementor-element-670c7aa elementor-widget elementor-widget-spacer\" data-id=\"670c7aa\" data-element_type=\"widget\" data-widget_type=\"spacer.default\">\n\t\t\t\t<div class=\"elementor-widget-container\">\n\t\t\t\t\t<div class=\"elementor-spacer\">\n\t\t\t<div class=\"elementor-spacer-inner\"><\/div>\n\t\t<\/div>\n\t\t\t\t<\/div>\n\t\t\t\t<\/div>\n\t\t\t\t<div class=\"elementor-element elementor-element-932fb4e elementor-widget elementor-widget-image\" data-id=\"932fb4e\" data-element_type=\"widget\" data-widget_type=\"image.default\">\n\t\t\t\t<div class=\"elementor-widget-container\">\n\t\t\t\t\t\t\t\t\t\t\t\t\t\t\t<img loading=\"lazy\" decoding=\"async\" width=\"380\" height=\"200\" src=\"https:\/\/nanoradar.cl\/wp-content\/uploads\/2024\/01\/5ca1658f555a9.jpg\" class=\"attachment-large size-large wp-image-2525\" alt=\"\" \/>\t\t\t\t\t\t\t\t\t\t\t\t\t\t\t<\/div>\n\t\t\t\t<\/div>\n\t\t\t\t\t<\/div>\n\t\t\t\t<\/div>\n\t\t\t\t<\/div>\n\t\t\t\t<\/div>\n\t\t\t\t\t\t\t<\/div>\n\t\t","protected":false},"excerpt":{"rendered":"<p>UAV Radar alt\u00edmetro y radar para evitar colisiones para UAV El radar MMW se est\u00e1 convirtiendo en un imprescindible para cualquier UAV que realice despegues y aterrizajes aut\u00f3nomos. El radar alt\u00edmetro est\u00e1 optimizado para el seguimiento del terreno com\u00fanmente requerido por los UAV agr\u00edcolas de precisi\u00f3n y el radar para evitar colisiones es ampliamente requerido &hellip;<\/p>\n<p class=\"read-more\"> <a class=\"\" href=\"https:\/\/nanoradar.cl\/?page_id=2521\"> <span class=\"screen-reader-text\">Drones<\/span> Read More &raquo;<\/a><\/p>\n","protected":false},"author":1,"featured_media":0,"parent":0,"menu_order":0,"comment_status":"closed","ping_status":"closed","template":"","meta":{"om_disable_all_campaigns":false,"_monsterinsights_skip_tracking":false,"_monsterinsights_sitenote_active":false,"_monsterinsights_sitenote_note":"","_monsterinsights_sitenote_category":0,"site-sidebar-layout":"no-sidebar","site-content-layout":"page-builder","ast-site-content-layout":"full-width-container","site-content-style":"default","site-sidebar-style":"default","ast-global-header-display":"","ast-banner-title-visibility":"","ast-main-header-display":"","ast-hfb-above-header-display":"","ast-hfb-below-header-display":"","ast-hfb-mobile-header-display":"","site-post-title":"disabled","ast-breadcrumbs-content":"","ast-featured-img":"disabled","footer-sml-layout":"","theme-transparent-header-meta":"","adv-header-id-meta":"","stick-header-meta":"","header-above-stick-meta":"","header-main-stick-meta":"","header-below-stick-meta":"","astra-migrate-meta-layouts":"set","footnotes":""},"class_list":["post-2521","page","type-page","status-publish","hentry"],"aioseo_notices":[],"_links":{"self":[{"href":"https:\/\/nanoradar.cl\/index.php?rest_route=\/wp\/v2\/pages\/2521","targetHints":{"allow":["GET"]}}],"collection":[{"href":"https:\/\/nanoradar.cl\/index.php?rest_route=\/wp\/v2\/pages"}],"about":[{"href":"https:\/\/nanoradar.cl\/index.php?rest_route=\/wp\/v2\/types\/page"}],"author":[{"embeddable":true,"href":"https:\/\/nanoradar.cl\/index.php?rest_route=\/wp\/v2\/users\/1"}],"replies":[{"embeddable":true,"href":"https:\/\/nanoradar.cl\/index.php?rest_route=%2Fwp%2Fv2%2Fcomments&post=2521"}],"version-history":[{"count":7,"href":"https:\/\/nanoradar.cl\/index.php?rest_route=\/wp\/v2\/pages\/2521\/revisions"}],"predecessor-version":[{"id":2666,"href":"https:\/\/nanoradar.cl\/index.php?rest_route=\/wp\/v2\/pages\/2521\/revisions\/2666"}],"wp:attachment":[{"href":"https:\/\/nanoradar.cl\/index.php?rest_route=%2Fwp%2Fv2%2Fmedia&parent=2521"}],"curies":[{"name":"wp","href":"https:\/\/api.w.org\/{rel}","templated":true}]}}