{"id":2497,"date":"2024-01-14T01:34:15","date_gmt":"2024-01-14T04:34:15","guid":{"rendered":"https:\/\/nanoradar.cl\/?page_id=2497"},"modified":"2024-01-14T01:52:44","modified_gmt":"2024-01-14T04:52:44","slug":"iot","status":"publish","type":"page","link":"https:\/\/nanoradar.cl\/?page_id=2497","title":{"rendered":"IoT"},"content":{"rendered":"\t\t<div data-elementor-type=\"wp-page\" data-elementor-id=\"2497\" class=\"elementor elementor-2497\" data-elementor-post-type=\"page\">\n\t\t\t\t\t\t\t<div class=\"elementor-element elementor-element-249021c e-flex e-con-boxed e-con e-parent\" data-id=\"249021c\" data-element_type=\"container\" data-settings=\"{&quot;container_type&quot;:&quot;flex&quot;,&quot;content_width&quot;:&quot;boxed&quot;}\" data-core-v316-plus=\"true\">\n\t\t\t\t\t<div class=\"e-con-inner\">\n\t\t\t\t<div class=\"elementor-element elementor-element-2adbcda elementor-widget elementor-widget-spacer\" data-id=\"2adbcda\" data-element_type=\"widget\" data-widget_type=\"spacer.default\">\n\t\t\t\t<div class=\"elementor-widget-container\">\n\t\t\t<style>\/*! elementor - v3.16.0 - 14-09-2023 *\/\n.elementor-column .elementor-spacer-inner{height:var(--spacer-size)}.e-con{--container-widget-width:100%}.e-con-inner>.elementor-widget-spacer,.e-con>.elementor-widget-spacer{width:var(--container-widget-width,var(--spacer-size));--align-self:var(--container-widget-align-self,initial);--flex-shrink:0}.e-con-inner>.elementor-widget-spacer>.elementor-widget-container,.e-con>.elementor-widget-spacer>.elementor-widget-container{height:100%;width:100%}.e-con-inner>.elementor-widget-spacer>.elementor-widget-container>.elementor-spacer,.e-con>.elementor-widget-spacer>.elementor-widget-container>.elementor-spacer{height:100%}.e-con-inner>.elementor-widget-spacer>.elementor-widget-container>.elementor-spacer>.elementor-spacer-inner,.e-con>.elementor-widget-spacer>.elementor-widget-container>.elementor-spacer>.elementor-spacer-inner{height:var(--container-widget-height,var(--spacer-size))}.e-con-inner>.elementor-widget-spacer.elementor-widget-empty,.e-con>.elementor-widget-spacer.elementor-widget-empty{position:relative;min-height:22px;min-width:22px}.e-con-inner>.elementor-widget-spacer.elementor-widget-empty .elementor-widget-empty-icon,.e-con>.elementor-widget-spacer.elementor-widget-empty .elementor-widget-empty-icon{position:absolute;top:0;bottom:0;left:0;right:0;margin:auto;padding:0;width:22px;height:22px}<\/style>\t\t<div class=\"elementor-spacer\">\n\t\t\t<div class=\"elementor-spacer-inner\"><\/div>\n\t\t<\/div>\n\t\t\t\t<\/div>\n\t\t\t\t<\/div>\n\t\t\t\t\t<\/div>\n\t\t\t\t<\/div>\n\t\t<div class=\"elementor-element elementor-element-a64408b e-con-full e-flex e-con e-parent\" data-id=\"a64408b\" data-element_type=\"container\" data-settings=\"{&quot;content_width&quot;:&quot;full&quot;,&quot;container_type&quot;:&quot;flex&quot;}\" data-core-v316-plus=\"true\">\n\t\t\t\t<div class=\"elementor-element elementor-element-3e01709 elementor-widget elementor-widget-image\" data-id=\"3e01709\" data-element_type=\"widget\" data-widget_type=\"image.default\">\n\t\t\t\t<div class=\"elementor-widget-container\">\n\t\t\t<style>\/*! elementor - v3.16.0 - 14-09-2023 *\/\n.elementor-widget-image{text-align:center}.elementor-widget-image a{display:inline-block}.elementor-widget-image a img[src$=\".svg\"]{width:48px}.elementor-widget-image img{vertical-align:middle;display:inline-block}<\/style>\t\t\t\t\t\t\t\t\t\t\t\t<img loading=\"lazy\" decoding=\"async\" width=\"1024\" height=\"683\" src=\"https:\/\/nanoradar.cl\/wp-content\/uploads\/2024\/01\/iot-insight.jpg\" class=\"attachment-large size-large wp-image-2501\" alt=\"\" \/>\t\t\t\t\t\t\t\t\t\t\t\t\t\t\t<\/div>\n\t\t\t\t<\/div>\n\t\t\t\t<\/div>\n\t\t<div class=\"elementor-element elementor-element-25da84f e-con-full e-flex e-con e-parent\" data-id=\"25da84f\" data-element_type=\"container\" data-settings=\"{&quot;content_width&quot;:&quot;full&quot;,&quot;container_type&quot;:&quot;flex&quot;}\" data-core-v316-plus=\"true\">\n\t\t\t\t<div class=\"elementor-element elementor-element-044c413 elementor-widget elementor-widget-heading\" data-id=\"044c413\" data-element_type=\"widget\" data-widget_type=\"heading.default\">\n\t\t\t\t<div class=\"elementor-widget-container\">\n\t\t\t<style>\/*! elementor - v3.16.0 - 14-09-2023 *\/\n.elementor-heading-title{padding:0;margin:0;line-height:1}.elementor-widget-heading .elementor-heading-title[class*=elementor-size-]>a{color:inherit;font-size:inherit;line-height:inherit}.elementor-widget-heading .elementor-heading-title.elementor-size-small{font-size:15px}.elementor-widget-heading .elementor-heading-title.elementor-size-medium{font-size:19px}.elementor-widget-heading .elementor-heading-title.elementor-size-large{font-size:29px}.elementor-widget-heading .elementor-heading-title.elementor-size-xl{font-size:39px}.elementor-widget-heading .elementor-heading-title.elementor-size-xxl{font-size:59px}<\/style><h2 class=\"elementor-heading-title elementor-size-default\">      IoT<\/h2>\t\t<\/div>\n\t\t\t\t<\/div>\n\t\t\t\t<\/div>\n\t\t<div class=\"elementor-element elementor-element-a369a68 e-con-full e-flex e-con e-parent\" data-id=\"a369a68\" data-element_type=\"container\" data-settings=\"{&quot;content_width&quot;:&quot;full&quot;,&quot;container_type&quot;:&quot;flex&quot;}\" data-core-v316-plus=\"true\">\n\t\t\t\t<div class=\"elementor-element elementor-element-3aaf50c elementor-widget elementor-widget-text-editor\" data-id=\"3aaf50c\" data-element_type=\"widget\" data-widget_type=\"text-editor.default\">\n\t\t\t\t<div class=\"elementor-widget-container\">\n\t\t\t<style>\/*! elementor - v3.16.0 - 14-09-2023 *\/\n.elementor-widget-text-editor.elementor-drop-cap-view-stacked .elementor-drop-cap{background-color:#69727d;color:#fff}.elementor-widget-text-editor.elementor-drop-cap-view-framed .elementor-drop-cap{color:#69727d;border:3px solid;background-color:transparent}.elementor-widget-text-editor:not(.elementor-drop-cap-view-default) .elementor-drop-cap{margin-top:8px}.elementor-widget-text-editor:not(.elementor-drop-cap-view-default) .elementor-drop-cap-letter{width:1em;height:1em}.elementor-widget-text-editor .elementor-drop-cap{float:left;text-align:center;line-height:1;font-size:50px}.elementor-widget-text-editor .elementor-drop-cap-letter{display:inline-block}<\/style>\t\t\t\t<p><strong>Sensores de radar MMW en la industria de IoT inteligente<\/strong><\/p>\t\t\t\t\t\t<\/div>\n\t\t\t\t<\/div>\n\t\t\t\t<\/div>\n\t\t<div class=\"elementor-element elementor-element-faee2c9 e-con-full e-flex e-con e-parent\" data-id=\"faee2c9\" data-element_type=\"container\" data-settings=\"{&quot;content_width&quot;:&quot;full&quot;,&quot;container_type&quot;:&quot;flex&quot;}\" data-core-v316-plus=\"true\">\n\t\t\t\t<div class=\"elementor-element elementor-element-bf6d1e4 elementor-widget elementor-widget-text-editor\" data-id=\"bf6d1e4\" data-element_type=\"widget\" data-widget_type=\"text-editor.default\">\n\t\t\t\t<div class=\"elementor-widget-container\">\n\t\t\t\t\t\t\t<p>Internet de las cosas (IoT) es la red de objetos f\u00edsicos (dispositivos, veh\u00edculos, edificios y otros elementos) integrados con electr\u00f3nica, software, sensores y conectividad de red que permite a estos objetos recopilar e intercambiar datos. Actualmente, con el desarrollo de IoT (Internet de las cosas), todos los dispositivos duros tienen la oportunidad de ser inteligentes. El radar MMW constituye una parte importante de los sensores inteligentes. En sectores cada vez m\u00e1s tradicionales, los sensores de radar MMW encuentran su lugar.<\/p>\t\t\t\t\t\t<\/div>\n\t\t\t\t<\/div>\n\t\t\t\t<\/div>\n\t\t<div class=\"elementor-element elementor-element-b3ed39e e-con-full e-flex e-con e-parent\" data-id=\"b3ed39e\" data-element_type=\"container\" data-settings=\"{&quot;content_width&quot;:&quot;full&quot;,&quot;container_type&quot;:&quot;flex&quot;}\" data-core-v316-plus=\"true\">\n\t\t<div class=\"elementor-element elementor-element-1dbe019 e-con-full e-flex e-con e-child\" data-id=\"1dbe019\" data-element_type=\"container\" data-settings=\"{&quot;content_width&quot;:&quot;full&quot;,&quot;container_type&quot;:&quot;flex&quot;}\">\n\t\t\t\t<div class=\"elementor-element elementor-element-2b360c7 elementor-widget elementor-widget-heading\" data-id=\"2b360c7\" data-element_type=\"widget\" data-widget_type=\"heading.default\">\n\t\t\t\t<div class=\"elementor-widget-container\">\n\t\t\t<h2 class=\"elementor-heading-title elementor-size-default\">Control inteligente del alumbrado p\u00fablico<\/h2>\t\t<\/div>\n\t\t\t\t<\/div>\n\t\t\t\t<div class=\"elementor-element elementor-element-a29a6a8 elementor-widget elementor-widget-text-editor\" data-id=\"a29a6a8\" data-element_type=\"widget\" data-widget_type=\"text-editor.default\">\n\t\t\t\t<div class=\"elementor-widget-container\">\n\t\t\t\t\t\t\t<p>El sistema de control de sem\u00e1foro est\u00e1 recibiendo m\u00e1s atenci\u00f3n a medida que la energ\u00eda el\u00e9ctrica se est\u00e1 volviendo tan importante, para un ambiente ecol\u00f3gico, el control de sem\u00e1foro por radar de alta eficiencia ahora es muy necesario. Con un radar de microondas para detectar la est\u00e1tica del tr\u00e1fico, el sistema puede controlar de forma inteligente el encendido y apagado de la iluminaci\u00f3n.<\/p>\t\t\t\t\t\t<\/div>\n\t\t\t\t<\/div>\n\t\t\t\t<div class=\"elementor-element elementor-element-20b789f elementor-widget elementor-widget-heading\" data-id=\"20b789f\" data-element_type=\"widget\" data-widget_type=\"heading.default\">\n\t\t\t\t<div class=\"elementor-widget-container\">\n\t\t\t<h2 class=\"elementor-heading-title elementor-size-default\">Beneficios de los sensores de radar de microondas<\/h2>\t\t<\/div>\n\t\t\t\t<\/div>\n\t\t\t\t<div class=\"elementor-element elementor-element-cf882b6 elementor-widget elementor-widget-text-editor\" data-id=\"cf882b6\" data-element_type=\"widget\" data-widget_type=\"text-editor.default\">\n\t\t\t\t<div class=\"elementor-widget-container\">\n\t\t\t\t\t\t\t<p>\u25a0 Alta inteligencia, gran ahorro de energ\u00eda<br \/>Debido al deficiente control en tiempo real, la eficiencia de ahorro de energ\u00eda del sistema actual es limitada. Con la tecnolog\u00eda de radar, las farolas LED se apagar\u00edan en caso de que no hubiera veh\u00edculos ni peatones. Y las farolas LED m\u00e1s cercanas se encender\u00e1n de acuerdo con los veh\u00edculos o peatones en movimiento. <br \/>\u25a0 Ingenier\u00eda conveniente y eficiente, menor costo de mantenimiento.<br \/>El sistema de control de iluminaci\u00f3n actual es inconveniente para la ingenier\u00eda y deficiente para el mantenimiento. Basado en un sensor de radar y una red inal\u00e1mbrica 4G\/GPRS, el sistema de control de iluminaci\u00f3n del tr\u00e1fico por radar podr\u00eda ser m\u00e1s adaptable.<br \/>\u25a0 Ampliar eficientemente la vida \u00fatil de las farolas.<br \/>Durante la noche, con menos veh\u00edculos y en tramos de carretera con menos personas, el sistema de control de iluminaci\u00f3n del tr\u00e1fico por radar puede apagar esas luces para ahorrar energ\u00eda y mejorar la vida \u00fatil de las l\u00e1mparas.<\/p>\t\t\t\t\t\t<\/div>\n\t\t\t\t<\/div>\n\t\t\t\t<div class=\"elementor-element elementor-element-b0adee2 elementor-widget elementor-widget-heading\" data-id=\"b0adee2\" data-element_type=\"widget\" data-widget_type=\"heading.default\">\n\t\t\t\t<div class=\"elementor-widget-container\">\n\t\t\t<h2 class=\"elementor-heading-title elementor-size-default\">Prevenci\u00f3n de colisiones para barcos\/barcos<\/h2>\t\t<\/div>\n\t\t\t\t<\/div>\n\t\t\t\t<div class=\"elementor-element elementor-element-8fe946c elementor-widget elementor-widget-text-editor\" data-id=\"8fe946c\" data-element_type=\"widget\" data-widget_type=\"text-editor.default\">\n\t\t\t\t<div class=\"elementor-widget-container\">\n\t\t\t\t\t\t\t<p>Estudios anteriores muestran que entre el 89% y el 96% de las colisiones de barcos son causadas por errores de operaci\u00f3n de las personas; a veces esos errores son bastante obvios y podr\u00edan evitarse mediante tecnolog\u00edas de IoT. Ahora, con el sistema de prevenci\u00f3n de colisiones por radar de ondas milim\u00e9tricas en el barco, podr\u00eda haber una buena soluci\u00f3n a esos problemas. El sistema puede enviar una se\u00f1al de advertencia antes de que se produzca un accidente de colisi\u00f3n.<\/p><p>Los sensores de radar, como ojos y o\u00eddos de los barcos tripulados y no tripulados, siempre han sido una parte importante del sistema de prevenci\u00f3n de colisiones, que incluye GPS, radar, c\u00e1maras y dispositivos de advertencia, etc. Con los sensores de radar MMW instalados, los barcos no tripulados se vuelven m\u00e1s inteligentes y M\u00e1s seguro al navegar en el mar\/agua, el sistema podr\u00eda realizar la operaci\u00f3n correspondiente para evitar el peligro de colisi\u00f3n.&nbsp;<br><\/p>\t\t\t\t\t\t<\/div>\n\t\t\t\t<\/div>\n\t\t\t\t<\/div>\n\t\t<div class=\"elementor-element elementor-element-f21a18b e-con-full e-flex e-con e-child\" data-id=\"f21a18b\" data-element_type=\"container\" data-settings=\"{&quot;content_width&quot;:&quot;full&quot;,&quot;container_type&quot;:&quot;flex&quot;}\">\n\t\t<div class=\"elementor-element elementor-element-fd2d082 e-flex e-con-boxed e-con e-child\" data-id=\"fd2d082\" data-element_type=\"container\" data-settings=\"{&quot;container_type&quot;:&quot;flex&quot;,&quot;content_width&quot;:&quot;boxed&quot;}\">\n\t\t\t\t\t<div class=\"e-con-inner\">\n\t\t\t\t<div class=\"elementor-element elementor-element-9446226 elementor-widget elementor-widget-image\" data-id=\"9446226\" data-element_type=\"widget\" data-widget_type=\"image.default\">\n\t\t\t\t<div class=\"elementor-widget-container\">\n\t\t\t\t\t\t\t\t\t\t\t\t\t\t\t<img loading=\"lazy\" decoding=\"async\" width=\"380\" height=\"200\" src=\"https:\/\/nanoradar.cl\/wp-content\/uploads\/2024\/01\/5ca1672786f1e.jpg\" class=\"attachment-large size-large wp-image-2505\" alt=\"\" \/>\t\t\t\t\t\t\t\t\t\t\t\t\t\t\t<\/div>\n\t\t\t\t<\/div>\n\t\t\t\t\t<\/div>\n\t\t\t\t<\/div>\n\t\t<div class=\"elementor-element elementor-element-bf32e96 e-flex e-con-boxed e-con e-child\" data-id=\"bf32e96\" data-element_type=\"container\" data-settings=\"{&quot;container_type&quot;:&quot;flex&quot;,&quot;content_width&quot;:&quot;boxed&quot;}\">\n\t\t\t\t\t<div class=\"e-con-inner\">\n\t\t\t\t<div class=\"elementor-element elementor-element-54b0849 elementor-widget elementor-widget-image\" data-id=\"54b0849\" data-element_type=\"widget\" data-widget_type=\"image.default\">\n\t\t\t\t<div class=\"elementor-widget-container\">\n\t\t\t\t\t\t\t\t\t\t\t\t\t\t\t<img loading=\"lazy\" decoding=\"async\" width=\"960\" height=\"357\" src=\"https:\/\/nanoradar.cl\/wp-content\/uploads\/2024\/01\/5ca1d671c3fae.png\" class=\"attachment-large size-large wp-image-2502\" alt=\"\" \/>\t\t\t\t\t\t\t\t\t\t\t\t\t\t\t<\/div>\n\t\t\t\t<\/div>\n\t\t\t\t<div class=\"elementor-element elementor-element-5e19ba9 elementor-widget elementor-widget-image\" data-id=\"5e19ba9\" data-element_type=\"widget\" data-widget_type=\"image.default\">\n\t\t\t\t<div class=\"elementor-widget-container\">\n\t\t\t\t\t\t\t\t\t\t\t\t\t\t\t<img loading=\"lazy\" decoding=\"async\" width=\"380\" height=\"200\" src=\"https:\/\/nanoradar.cl\/wp-content\/uploads\/2024\/01\/5ca1673196342.jpg\" class=\"attachment-large size-large wp-image-2504\" alt=\"\" \/>\t\t\t\t\t\t\t\t\t\t\t\t\t\t\t<\/div>\n\t\t\t\t<\/div>\n\t\t\t\t\t<\/div>\n\t\t\t\t<\/div>\n\t\t\t\t<div class=\"elementor-element elementor-element-4594851 elementor-widget elementor-widget-image\" data-id=\"4594851\" data-element_type=\"widget\" data-widget_type=\"image.default\">\n\t\t\t\t<div class=\"elementor-widget-container\">\n\t\t\t\t\t\t\t\t\t\t\t\t\t\t\t<img loading=\"lazy\" decoding=\"async\" width=\"570\" height=\"385\" src=\"https:\/\/nanoradar.cl\/wp-content\/uploads\/2024\/01\/5ca1d2985cfbb.png\" class=\"attachment-large size-large wp-image-2503\" alt=\"\" \/>\t\t\t\t\t\t\t\t\t\t\t\t\t\t\t<\/div>\n\t\t\t\t<\/div>\n\t\t\t\t<\/div>\n\t\t\t\t<\/div>\n\t\t<div class=\"elementor-element elementor-element-190b611 e-con-full e-flex e-con e-parent\" data-id=\"190b611\" data-element_type=\"container\" data-settings=\"{&quot;content_width&quot;:&quot;full&quot;,&quot;container_type&quot;:&quot;flex&quot;}\" data-core-v316-plus=\"true\">\n\t\t\t\t<\/div>\n\t\t<div class=\"elementor-element elementor-element-8e59d4d e-con-full e-flex e-con e-parent\" data-id=\"8e59d4d\" data-element_type=\"container\" data-settings=\"{&quot;content_width&quot;:&quot;full&quot;,&quot;container_type&quot;:&quot;flex&quot;}\" data-core-v316-plus=\"true\">\n\t\t\t\t<div class=\"elementor-element elementor-element-75f1cd4 elementor-widget elementor-widget-spacer\" data-id=\"75f1cd4\" data-element_type=\"widget\" data-widget_type=\"spacer.default\">\n\t\t\t\t<div class=\"elementor-widget-container\">\n\t\t\t\t\t<div class=\"elementor-spacer\">\n\t\t\t<div class=\"elementor-spacer-inner\"><\/div>\n\t\t<\/div>\n\t\t\t\t<\/div>\n\t\t\t\t<\/div>\n\t\t\t\t<\/div>\n\t\t\t\t\t\t\t<\/div>\n\t\t","protected":false},"excerpt":{"rendered":"<p>IoT Sensores de radar MMW en la industria de IoT inteligente Internet de las cosas (IoT) es la red de objetos f\u00edsicos (dispositivos, veh\u00edculos, edificios y otros elementos) integrados con electr\u00f3nica, software, sensores y conectividad de red que permite a estos objetos recopilar e intercambiar datos. Actualmente, con el desarrollo de IoT (Internet de las &hellip;<\/p>\n<p class=\"read-more\"> <a class=\"\" href=\"https:\/\/nanoradar.cl\/?page_id=2497\"> <span class=\"screen-reader-text\">IoT<\/span> Read More &raquo;<\/a><\/p>\n","protected":false},"author":1,"featured_media":0,"parent":0,"menu_order":0,"comment_status":"closed","ping_status":"closed","template":"","meta":{"om_disable_all_campaigns":false,"_monsterinsights_skip_tracking":false,"_monsterinsights_sitenote_active":false,"_monsterinsights_sitenote_note":"","_monsterinsights_sitenote_category":0,"site-sidebar-layout":"no-sidebar","site-content-layout":"page-builder","ast-site-content-layout":"full-width-container","site-content-style":"default","site-sidebar-style":"default","ast-global-header-display":"","ast-banner-title-visibility":"","ast-main-header-display":"","ast-hfb-above-header-display":"","ast-hfb-below-header-display":"","ast-hfb-mobile-header-display":"","site-post-title":"disabled","ast-breadcrumbs-content":"","ast-featured-img":"disabled","footer-sml-layout":"","theme-transparent-header-meta":"","adv-header-id-meta":"","stick-header-meta":"","header-above-stick-meta":"","header-main-stick-meta":"","header-below-stick-meta":"","astra-migrate-meta-layouts":"set","footnotes":""},"class_list":["post-2497","page","type-page","status-publish","hentry"],"aioseo_notices":[],"_links":{"self":[{"href":"https:\/\/nanoradar.cl\/index.php?rest_route=\/wp\/v2\/pages\/2497","targetHints":{"allow":["GET"]}}],"collection":[{"href":"https:\/\/nanoradar.cl\/index.php?rest_route=\/wp\/v2\/pages"}],"about":[{"href":"https:\/\/nanoradar.cl\/index.php?rest_route=\/wp\/v2\/types\/page"}],"author":[{"embeddable":true,"href":"https:\/\/nanoradar.cl\/index.php?rest_route=\/wp\/v2\/users\/1"}],"replies":[{"embeddable":true,"href":"https:\/\/nanoradar.cl\/index.php?rest_route=%2Fwp%2Fv2%2Fcomments&post=2497"}],"version-history":[{"count":4,"href":"https:\/\/nanoradar.cl\/index.php?rest_route=\/wp\/v2\/pages\/2497\/revisions"}],"predecessor-version":[{"id":2508,"href":"https:\/\/nanoradar.cl\/index.php?rest_route=\/wp\/v2\/pages\/2497\/revisions\/2508"}],"wp:attachment":[{"href":"https:\/\/nanoradar.cl\/index.php?rest_route=%2Fwp%2Fv2%2Fmedia&parent=2497"}],"curies":[{"name":"wp","href":"https:\/\/api.w.org\/{rel}","templated":true}]}}