{"id":2488,"date":"2024-01-14T01:00:11","date_gmt":"2024-01-14T04:00:11","guid":{"rendered":"https:\/\/nanoradar.cl\/?page_id=2488"},"modified":"2024-01-14T01:15:46","modified_gmt":"2024-01-14T04:15:46","slug":"trafico","status":"publish","type":"page","link":"https:\/\/nanoradar.cl\/?page_id=2488","title":{"rendered":"Trafico"},"content":{"rendered":"\t\t<div data-elementor-type=\"wp-page\" data-elementor-id=\"2488\" class=\"elementor elementor-2488\" data-elementor-post-type=\"page\">\n\t\t\t\t\t\t\t<div class=\"elementor-element elementor-element-57628cc e-flex e-con-boxed e-con e-parent\" data-id=\"57628cc\" data-element_type=\"container\" data-settings=\"{&quot;container_type&quot;:&quot;flex&quot;,&quot;content_width&quot;:&quot;boxed&quot;}\" data-core-v316-plus=\"true\">\n\t\t\t\t\t<div class=\"e-con-inner\">\n\t\t\t\t<div class=\"elementor-element elementor-element-8fc6810 elementor-widget__width-auto elementor-widget elementor-widget-spacer\" data-id=\"8fc6810\" data-element_type=\"widget\" data-widget_type=\"spacer.default\">\n\t\t\t\t<div class=\"elementor-widget-container\">\n\t\t\t<style>\/*! elementor - v3.16.0 - 14-09-2023 *\/\n.elementor-column .elementor-spacer-inner{height:var(--spacer-size)}.e-con{--container-widget-width:100%}.e-con-inner>.elementor-widget-spacer,.e-con>.elementor-widget-spacer{width:var(--container-widget-width,var(--spacer-size));--align-self:var(--container-widget-align-self,initial);--flex-shrink:0}.e-con-inner>.elementor-widget-spacer>.elementor-widget-container,.e-con>.elementor-widget-spacer>.elementor-widget-container{height:100%;width:100%}.e-con-inner>.elementor-widget-spacer>.elementor-widget-container>.elementor-spacer,.e-con>.elementor-widget-spacer>.elementor-widget-container>.elementor-spacer{height:100%}.e-con-inner>.elementor-widget-spacer>.elementor-widget-container>.elementor-spacer>.elementor-spacer-inner,.e-con>.elementor-widget-spacer>.elementor-widget-container>.elementor-spacer>.elementor-spacer-inner{height:var(--container-widget-height,var(--spacer-size))}.e-con-inner>.elementor-widget-spacer.elementor-widget-empty,.e-con>.elementor-widget-spacer.elementor-widget-empty{position:relative;min-height:22px;min-width:22px}.e-con-inner>.elementor-widget-spacer.elementor-widget-empty .elementor-widget-empty-icon,.e-con>.elementor-widget-spacer.elementor-widget-empty .elementor-widget-empty-icon{position:absolute;top:0;bottom:0;left:0;right:0;margin:auto;padding:0;width:22px;height:22px}<\/style>\t\t<div class=\"elementor-spacer\">\n\t\t\t<div class=\"elementor-spacer-inner\"><\/div>\n\t\t<\/div>\n\t\t\t\t<\/div>\n\t\t\t\t<\/div>\n\t\t\t\t\t<\/div>\n\t\t\t\t<\/div>\n\t\t<div class=\"elementor-element elementor-element-3eb9aa2 e-con-full e-flex e-con e-parent\" data-id=\"3eb9aa2\" data-element_type=\"container\" data-settings=\"{&quot;content_width&quot;:&quot;full&quot;,&quot;container_type&quot;:&quot;flex&quot;}\" data-core-v316-plus=\"true\">\n\t\t\t\t<div class=\"elementor-element elementor-element-eebc1e1 elementor-widget elementor-widget-image\" data-id=\"eebc1e1\" data-element_type=\"widget\" data-widget_type=\"image.default\">\n\t\t\t\t<div class=\"elementor-widget-container\">\n\t\t\t<style>\/*! elementor - v3.16.0 - 14-09-2023 *\/\n.elementor-widget-image{text-align:center}.elementor-widget-image a{display:inline-block}.elementor-widget-image a img[src$=\".svg\"]{width:48px}.elementor-widget-image img{vertical-align:middle;display:inline-block}<\/style>\t\t\t\t\t\t\t\t\t\t\t\t<img loading=\"lazy\" decoding=\"async\" width=\"1024\" height=\"187\" src=\"https:\/\/nanoradar.cl\/wp-content\/uploads\/2024\/01\/5c9b5a13e0971.jpg\" class=\"attachment-large size-large wp-image-2487\" alt=\"\" \/>\t\t\t\t\t\t\t\t\t\t\t\t\t\t\t<\/div>\n\t\t\t\t<\/div>\n\t\t\t\t<\/div>\n\t\t<div class=\"elementor-element elementor-element-77803dc e-con-full e-flex e-con e-parent\" data-id=\"77803dc\" data-element_type=\"container\" data-settings=\"{&quot;content_width&quot;:&quot;full&quot;,&quot;container_type&quot;:&quot;flex&quot;}\" data-core-v316-plus=\"true\">\n\t\t<div class=\"elementor-element elementor-element-f91eca5 e-con-full e-flex e-con e-child\" data-id=\"f91eca5\" data-element_type=\"container\" data-settings=\"{&quot;content_width&quot;:&quot;full&quot;,&quot;container_type&quot;:&quot;flex&quot;}\">\n\t\t\t\t<div class=\"elementor-element elementor-element-e6a0bec elementor-widget__width-initial elementor-widget elementor-widget-heading\" data-id=\"e6a0bec\" data-element_type=\"widget\" data-widget_type=\"heading.default\">\n\t\t\t\t<div class=\"elementor-widget-container\">\n\t\t\t<style>\/*! elementor - v3.16.0 - 14-09-2023 *\/\n.elementor-heading-title{padding:0;margin:0;line-height:1}.elementor-widget-heading .elementor-heading-title[class*=elementor-size-]>a{color:inherit;font-size:inherit;line-height:inherit}.elementor-widget-heading .elementor-heading-title.elementor-size-small{font-size:15px}.elementor-widget-heading .elementor-heading-title.elementor-size-medium{font-size:19px}.elementor-widget-heading .elementor-heading-title.elementor-size-large{font-size:29px}.elementor-widget-heading .elementor-heading-title.elementor-size-xl{font-size:39px}.elementor-widget-heading .elementor-heading-title.elementor-size-xxl{font-size:59px}<\/style><h2 class=\"elementor-heading-title elementor-size-default\">Tr\u00e1fico<\/h2>\t\t<\/div>\n\t\t\t\t<\/div>\n\t\t<div class=\"elementor-element elementor-element-64ddd48 e-con-full e-flex e-con e-child\" data-id=\"64ddd48\" data-element_type=\"container\" data-settings=\"{&quot;content_width&quot;:&quot;full&quot;,&quot;container_type&quot;:&quot;flex&quot;}\">\n\t\t\t\t<div class=\"elementor-element elementor-element-4a37fdc elementor-widget elementor-widget-text-editor\" data-id=\"4a37fdc\" data-element_type=\"widget\" data-widget_type=\"text-editor.default\">\n\t\t\t\t<div class=\"elementor-widget-container\">\n\t\t\t<style>\/*! elementor - v3.16.0 - 14-09-2023 *\/\n.elementor-widget-text-editor.elementor-drop-cap-view-stacked .elementor-drop-cap{background-color:#69727d;color:#fff}.elementor-widget-text-editor.elementor-drop-cap-view-framed .elementor-drop-cap{color:#69727d;border:3px solid;background-color:transparent}.elementor-widget-text-editor:not(.elementor-drop-cap-view-default) .elementor-drop-cap{margin-top:8px}.elementor-widget-text-editor:not(.elementor-drop-cap-view-default) .elementor-drop-cap-letter{width:1em;height:1em}.elementor-widget-text-editor .elementor-drop-cap{float:left;text-align:center;line-height:1;font-size:50px}.elementor-widget-text-editor .elementor-drop-cap-letter{display:inline-block}<\/style>\t\t\t\t<p>Tecnolog\u00eda de radar en aplicaciones de tr\u00e1fico inteligente<\/p>\t\t\t\t\t\t<\/div>\n\t\t\t\t<\/div>\n\t\t\t\t<\/div>\n\t\t\t\t<\/div>\n\t\t\t\t<\/div>\n\t\t<div class=\"elementor-element elementor-element-62d1fea e-con-full e-flex e-con e-parent\" data-id=\"62d1fea\" data-element_type=\"container\" data-settings=\"{&quot;content_width&quot;:&quot;full&quot;,&quot;container_type&quot;:&quot;flex&quot;}\" data-core-v316-plus=\"true\">\n\t\t\t\t<div class=\"elementor-element elementor-element-2e3ce4a elementor-widget elementor-widget-text-editor\" data-id=\"2e3ce4a\" data-element_type=\"widget\" data-widget_type=\"text-editor.default\">\n\t\t\t\t<div class=\"elementor-widget-container\">\n\t\t\t\t\t\t\t<p>Con el r\u00e1pido crecimiento de los veh\u00edculos en las carreteras, el sistema de tr\u00e1fico inteligente se ha aplicado ampliamente y se ha desarrollado r\u00e1pidamente. El control y detecci\u00f3n de veh\u00edculos mediante tecnolog\u00eda de radar es una parte importante del sistema de tr\u00e1fico inteligente. La gesti\u00f3n inteligente del tr\u00e1fico controla la informaci\u00f3n del tr\u00e1fico recopilada, como el flujo del tr\u00e1fico, la velocidad del veh\u00edculo, la ocupaci\u00f3n de la v\u00eda, el espacio entre veh\u00edculos, el tipo de veh\u00edculo y otros datos b\u00e1sicos, para realizar as\u00ed monitoreo, control, an\u00e1lisis, toma de decisiones y asesoramiento sobre programaci\u00f3n y otros medios de sabidur\u00eda.<\/p>\t\t\t\t\t\t<\/div>\n\t\t\t\t<\/div>\n\t\t\t\t<\/div>\n\t\t<div class=\"elementor-element elementor-element-891f25b e-con-full e-flex e-con e-parent\" data-id=\"891f25b\" data-element_type=\"container\" data-settings=\"{&quot;content_width&quot;:&quot;full&quot;,&quot;container_type&quot;:&quot;flex&quot;}\" data-core-v316-plus=\"true\">\n\t\t\t\t<div class=\"elementor-element elementor-element-ebde21f elementor-widget__width-inherit elementor-widget elementor-widget-heading\" data-id=\"ebde21f\" data-element_type=\"widget\" data-widget_type=\"heading.default\">\n\t\t\t\t<div class=\"elementor-widget-container\">\n\t\t\t<h2 class=\"elementor-heading-title elementor-size-default\">Medici\u00f3n de la velocidad del veh\u00edculo en el carril de tr\u00e1fico<\/h2>\t\t<\/div>\n\t\t\t\t<\/div>\n\t\t\t\t<\/div>\n\t\t<div class=\"elementor-element elementor-element-fdd70d4 e-con-full e-flex e-con e-parent\" data-id=\"fdd70d4\" data-element_type=\"container\" data-settings=\"{&quot;content_width&quot;:&quot;full&quot;,&quot;container_type&quot;:&quot;flex&quot;}\" data-core-v316-plus=\"true\">\n\t\t<div class=\"elementor-element elementor-element-5b3232c e-con-full e-flex e-con e-child\" data-id=\"5b3232c\" data-element_type=\"container\" data-settings=\"{&quot;content_width&quot;:&quot;full&quot;,&quot;container_type&quot;:&quot;flex&quot;}\">\n\t\t\t\t<div class=\"elementor-element elementor-element-e3bc566 elementor-widget elementor-widget-text-editor\" data-id=\"e3bc566\" data-element_type=\"widget\" data-widget_type=\"text-editor.default\">\n\t\t\t\t<div class=\"elementor-widget-container\">\n\t\t\t\t\t\t\t<p><strong>Radar de medici\u00f3n de velocidad para la gesti\u00f3n inteligente del tr\u00e1fico<\/strong><\/p>\t\t\t\t\t\t<\/div>\n\t\t\t\t<\/div>\n\t\t\t\t<div class=\"elementor-element elementor-element-207dc83 elementor-widget elementor-widget-text-editor\" data-id=\"207dc83\" data-element_type=\"widget\" data-widget_type=\"text-editor.default\">\n\t\t\t\t<div class=\"elementor-widget-container\">\n\t\t\t\t\t\t\t<p>Los accidentes causados \u200b\u200bpor el exceso de velocidad del veh\u00edculo suelen ser muy graves; se solicitar\u00e1 a la gesti\u00f3n inteligente del tr\u00e1fico que limite la velocidad del veh\u00edculo de acuerdo con las condiciones del tr\u00e1fico en tiempo real. Para evitar accidentes, se instala un sistema de radar de medici\u00f3n de velocidad en algunas carreteras cr\u00edticas. Cuando el radar identifica un veh\u00edculo que excede la velocidad, el sistema coordinar\u00e1 inmediatamente las c\u00e1maras para tomar registros.<\/p>\t\t\t\t\t\t<\/div>\n\t\t\t\t<\/div>\n\t\t\t\t<div class=\"elementor-element elementor-element-e516a6b elementor-widget elementor-widget-text-editor\" data-id=\"e516a6b\" data-element_type=\"widget\" data-widget_type=\"text-editor.default\">\n\t\t\t\t<div class=\"elementor-widget-container\">\n\t\t\t\t\t\t\t<p><strong><span style=\"color: #ffffff;\">El sistema de medici\u00f3n de velocidad se compone de lo siguiente:<\/span><\/strong>\u00a0<\/p>\t\t\t\t\t\t<\/div>\n\t\t\t\t<\/div>\n\t\t\t\t<div class=\"elementor-element elementor-element-2192491 elementor-widget elementor-widget-text-editor\" data-id=\"2192491\" data-element_type=\"widget\" data-widget_type=\"text-editor.default\">\n\t\t\t\t<div class=\"elementor-widget-container\">\n\t\t\t\t\t\t\t<ul><li><span style=\"color: #ffffff;\">Detecci\u00f3n de velocidad: Radar de microondas.<\/span><\/li><li><span style=\"color: #ffffff;\">Registros de video: C\u00e1mara, luces.<\/span><\/li><li><span style=\"color: #ffffff;\">frontales Unidad de proceso de datos: Identificaci\u00f3n en el servidor.<\/span><\/li><li><span style=\"color: #ffffff;\">Unidad de red: Interruptor, Transmisor \u00f3ptico y receptor.<\/span><\/li><li><span style=\"color: #ffffff;\">La instalaci\u00f3n m\u00faltiple se controla en el centro de gesti\u00f3n. <\/span><\/li><\/ul>\t\t\t\t\t\t<\/div>\n\t\t\t\t<\/div>\n\t\t\t\t<div class=\"elementor-element elementor-element-4317a0f elementor-widget elementor-widget-text-editor\" data-id=\"4317a0f\" data-element_type=\"widget\" data-widget_type=\"text-editor.default\">\n\t\t\t\t<div class=\"elementor-widget-container\">\n\t\t\t\t\t\t\t<p><strong><span style=\"color: #ffffff;\">Ventajas:<\/span><\/strong><\/p>\t\t\t\t\t\t<\/div>\n\t\t\t\t<\/div>\n\t\t\t\t<div class=\"elementor-element elementor-element-90a92d3 elementor-widget elementor-widget-text-editor\" data-id=\"90a92d3\" data-element_type=\"widget\" data-widget_type=\"text-editor.default\">\n\t\t\t\t<div class=\"elementor-widget-container\">\n\t\t\t\t\t\t\t<p><span style=\"color: #ffffff;\">\u25a0 Tecnolog\u00eda avanzada de algoritmo de IA, que puede distinguir las caracter\u00edsticas del veh\u00edculo y evitar fallar y volver a capturar el objetivo.<\/span><br \/><span style=\"color: #ffffff;\">\u25a0 Precisi\u00f3n de distancia y velocidad mejorada mediante zoom de espectro <\/span><br \/><span style=\"color: #ffffff;\">\u25a0 Rango de ubicaci\u00f3n de captura del veh\u00edculo en \u00b10,5 m, precisi\u00f3n de hasta 99 % <\/span><br \/><span style=\"color: #ffffff;\">\u25a0 Direcci\u00f3n de conducci\u00f3n del veh\u00edculo reconocible <\/span><br \/><span style=\"color: #ffffff;\">\u25a0 Dise\u00f1o de instalaci\u00f3n c\u00f3modo, integrado con instrumento de nivel <\/span><br \/><span style=\"color: #ffffff;\">\u25a0 Fuerte adaptabilidad ambiental, el rendimiento del radar no se ve afectado por la luz, el polvo, la lluvia y la nieve, la neblina y otros entornos hostiles<\/span><br \/><span style=\"color: #ffffff;\">\u25a0 Viene con interfaz: RS485, RS232 y Wi-Fi para una f\u00e1cil configuraci\u00f3n <\/span><\/p>\t\t\t\t\t\t<\/div>\n\t\t\t\t<\/div>\n\t\t\t\t<\/div>\n\t\t<div class=\"elementor-element elementor-element-56ed31e e-con-full e-flex e-con e-child\" data-id=\"56ed31e\" data-element_type=\"container\" data-settings=\"{&quot;content_width&quot;:&quot;full&quot;,&quot;container_type&quot;:&quot;flex&quot;}\">\n\t\t\t\t<div class=\"elementor-element elementor-element-f901c7f elementor-widget elementor-widget-image\" data-id=\"f901c7f\" data-element_type=\"widget\" data-widget_type=\"image.default\">\n\t\t\t\t<div class=\"elementor-widget-container\">\n\t\t\t\t\t\t\t\t\t\t\t\t\t\t\t<img loading=\"lazy\" decoding=\"async\" width=\"380\" height=\"200\" src=\"https:\/\/nanoradar.cl\/wp-content\/uploads\/2024\/01\/5ca166dfe27f6.jpg\" class=\"attachment-large size-large wp-image-2490\" alt=\"\" \/>\t\t\t\t\t\t\t\t\t\t\t\t\t\t\t<\/div>\n\t\t\t\t<\/div>\n\t\t\t\t<div class=\"elementor-element elementor-element-b17da8b elementor-widget__width-auto elementor-widget elementor-widget-image\" data-id=\"b17da8b\" data-element_type=\"widget\" data-widget_type=\"image.default\">\n\t\t\t\t<div class=\"elementor-widget-container\">\n\t\t\t\t\t\t\t\t\t\t\t\t\t\t\t<img loading=\"lazy\" decoding=\"async\" width=\"270\" height=\"200\" src=\"https:\/\/nanoradar.cl\/wp-content\/uploads\/2023\/12\/1579159880245233-1.jpg\" class=\"attachment-large size-large wp-image-2364\" alt=\"\" \/>\t\t\t\t\t\t\t\t\t\t\t\t\t\t\t<\/div>\n\t\t\t\t<\/div>\n\t\t\t\t<div class=\"elementor-element elementor-element-9b81367 elementor-widget__width-auto elementor-widget elementor-widget-image\" data-id=\"9b81367\" data-element_type=\"widget\" data-widget_type=\"image.default\">\n\t\t\t\t<div class=\"elementor-widget-container\">\n\t\t\t\t\t\t\t\t\t\t\t\t\t\t\t<img loading=\"lazy\" decoding=\"async\" width=\"540\" height=\"400\" src=\"https:\/\/nanoradar.cl\/wp-content\/uploads\/2023\/12\/1683882119674407.jpg\" class=\"attachment-large size-large wp-image-2369\" alt=\"\" \/>\t\t\t\t\t\t\t\t\t\t\t\t\t\t\t<\/div>\n\t\t\t\t<\/div>\n\t\t\t\t<\/div>\n\t\t\t\t<\/div>\n\t\t\t\t\t\t\t<\/div>\n\t\t","protected":false},"excerpt":{"rendered":"<p>Tr\u00e1fico Tecnolog\u00eda de radar en aplicaciones de tr\u00e1fico inteligente Con el r\u00e1pido crecimiento de los veh\u00edculos en las carreteras, el sistema de tr\u00e1fico inteligente se ha aplicado ampliamente y se ha desarrollado r\u00e1pidamente. El control y detecci\u00f3n de veh\u00edculos mediante tecnolog\u00eda de radar es una parte importante del sistema de tr\u00e1fico inteligente. La gesti\u00f3n inteligente &hellip;<\/p>\n<p class=\"read-more\"> <a class=\"\" href=\"https:\/\/nanoradar.cl\/?page_id=2488\"> <span class=\"screen-reader-text\">Trafico<\/span> Read More &raquo;<\/a><\/p>\n","protected":false},"author":1,"featured_media":0,"parent":0,"menu_order":0,"comment_status":"closed","ping_status":"closed","template":"","meta":{"om_disable_all_campaigns":false,"_monsterinsights_skip_tracking":false,"_monsterinsights_sitenote_active":false,"_monsterinsights_sitenote_note":"","_monsterinsights_sitenote_category":0,"site-sidebar-layout":"no-sidebar","site-content-layout":"page-builder","ast-site-content-layout":"full-width-container","site-content-style":"default","site-sidebar-style":"default","ast-global-header-display":"","ast-banner-title-visibility":"","ast-main-header-display":"","ast-hfb-above-header-display":"","ast-hfb-below-header-display":"","ast-hfb-mobile-header-display":"","site-post-title":"disabled","ast-breadcrumbs-content":"","ast-featured-img":"disabled","footer-sml-layout":"","theme-transparent-header-meta":"","adv-header-id-meta":"","stick-header-meta":"","header-above-stick-meta":"","header-main-stick-meta":"","header-below-stick-meta":"","astra-migrate-meta-layouts":"set","footnotes":""},"class_list":["post-2488","page","type-page","status-publish","hentry"],"aioseo_notices":[],"_links":{"self":[{"href":"https:\/\/nanoradar.cl\/index.php?rest_route=\/wp\/v2\/pages\/2488","targetHints":{"allow":["GET"]}}],"collection":[{"href":"https:\/\/nanoradar.cl\/index.php?rest_route=\/wp\/v2\/pages"}],"about":[{"href":"https:\/\/nanoradar.cl\/index.php?rest_route=\/wp\/v2\/types\/page"}],"author":[{"embeddable":true,"href":"https:\/\/nanoradar.cl\/index.php?rest_route=\/wp\/v2\/users\/1"}],"replies":[{"embeddable":true,"href":"https:\/\/nanoradar.cl\/index.php?rest_route=%2Fwp%2Fv2%2Fcomments&post=2488"}],"version-history":[{"count":7,"href":"https:\/\/nanoradar.cl\/index.php?rest_route=\/wp\/v2\/pages\/2488\/revisions"}],"predecessor-version":[{"id":2496,"href":"https:\/\/nanoradar.cl\/index.php?rest_route=\/wp\/v2\/pages\/2488\/revisions\/2496"}],"wp:attachment":[{"href":"https:\/\/nanoradar.cl\/index.php?rest_route=%2Fwp%2Fv2%2Fmedia&parent=2488"}],"curies":[{"name":"wp","href":"https:\/\/api.w.org\/{rel}","templated":true}]}}